{"id":326,"date":"2017-11-27T19:57:40","date_gmt":"2017-11-27T19:57:40","guid":{"rendered":"https:\/\/aquarium-fish-plants.com\/?page_id=326"},"modified":"2022-04-02T14:11:41","modified_gmt":"2022-04-02T14:11:41","slug":"privacy-policy","status":"publish","type":"page","link":"https:\/\/aquarium-fish-plants.com\/tr\/privacy-policy","title":{"rendered":"Gizlilik Politikas\u0131"},"content":{"rendered":"<h1>Gizlilik Politikas\u0131<\/h1>\n<p>Ge\u00e7erlilik tarihi: 05 Kas\u0131m 2018<\/p>\n<p>Akvaryum: Bal\u0131k ve Bitkiler (\u201cbiz\u201d, \u201cbiz\u201d veya \u201cbizim\u201d) https:\/\/aquarium-fish-plants.com\/ web sitesini (\u201cHizmet\u201d) i\u015fletir.<\/p>\n<p>Bu sayfa, Hizmetimizi kulland\u0131\u011f\u0131n\u0131zda ki\u015fisel verilerin toplanmas\u0131, kullan\u0131lmas\u0131 ve if\u015fa edilmesine ili\u015fkin politikalar\u0131m\u0131z ve bu verilerle ili\u015fkilendirdi\u011finiz se\u00e7enekler hakk\u0131nda sizi bilgilendirir. Akvaryum i\u00e7in Gizlilik Politikam\u0131z: Bal\u0131k ve Bitkiler <a href=\"https:\/\/www.freeprivacypolicy.com\/free-privacy-policy-generator.php\">\u00dccretsiz Gizlilik Politikas\u0131<\/a>.<\/p>\n<p>Verilerinizi Hizmet sa\u011flamak ve geli\u015ftirmek i\u00e7in kullan\u0131yoruz. Hizmeti kullanarak, bu politika uyar\u0131nca bilgilerin toplanmas\u0131n\u0131 ve kullan\u0131lmas\u0131n\u0131 kabul edersiniz. Bu Gizlilik Politikas\u0131nda aksi belirtilmedik\u00e7e, bu Gizlilik Politikas\u0131nda kullan\u0131lan terimler, https:\/\/aquarium-fish-plants.com\/ adresinden eri\u015filebilen \u015eartlar ve Ko\u015fullar\u0131m\u0131zla ayn\u0131 anlamlara sahiptir.<\/p>\n<h2>Bilgi Toplama ve Kullanma<\/h2>\n<p>Size Hizmetimizi sunmak ve geli\u015ftirmek i\u00e7in \u00e7e\u015fitli ama\u00e7lar i\u00e7in birka\u00e7 farkl\u0131 t\u00fcrde bilgi toplar\u0131z.<\/p>\n<h3>Toplanan Veri T\u00fcrleri<\/h3>\n<h4>Ki\u015fisel veri<\/h4>\n<p>Hizmetimizi kullan\u0131rken, sizinle ileti\u015fim kurmak veya tan\u0131mlamak i\u00e7in kullan\u0131labilecek ki\u015fisel olarak tan\u0131mlanabilir baz\u0131 bilgiler vermenizi isteyebiliriz (\u201cKi\u015fisel Veriler\u201d). Ki\u015fisel olarak tan\u0131mlanabilir bilgiler a\u015fa\u011f\u0131dakileri i\u00e7ermekle birlikte bunlarla s\u0131n\u0131rl\u0131 de\u011fildir:<\/p>\n<ul>\n<li>\u00c7erezler ve Kullan\u0131m Verileri<\/li>\n<\/ul>\n<h4>Kullan\u0131m verisi<\/h4>\n<p>Ayr\u0131ca Hizmete nas\u0131l eri\u015fildi\u011fini ve kullan\u0131ld\u0131\u011f\u0131n\u0131 da \u00f6\u011frenebiliriz (\u201cKullan\u0131m Verileri\u201d). Bu Kullan\u0131m Verileri bilgisayar\u0131n\u0131z\u0131n \u0130nternet Protokol\u00fc adresi (\u00f6rn. IP adresi), taray\u0131c\u0131 t\u00fcr\u00fc, taray\u0131c\u0131 s\u00fcr\u00fcm\u00fc, Hizmetimizin ziyaret etti\u011finiz sayfalar, ziyaretinizin saati ve tarihi, bu sayfalarda ge\u00e7irilen s\u00fcre, benzersiz cihaz tan\u0131mlay\u0131c\u0131lar\u0131 ve di\u011fer te\u015fhis verileri.<\/p>\n<h4>\u0130zleme ve \u00c7erez Verileri<\/h4>\n<p>Hizmetimizdeki etkinli\u011fi izlemek ve belirli bilgileri tutmak i\u00e7in \u00e7erezleri ve benzer izleme teknolojilerini kullan\u0131yoruz.<\/p>\n<p>\u00c7erezler, anonim benzersiz bir tan\u0131mlay\u0131c\u0131 i\u00e7erebilecek az miktarda veri i\u00e7eren dosyalard\u0131r. \u00c7erezler taray\u0131c\u0131n\u0131za bir web sitesinden g\u00f6nderilir ve cihaz\u0131n\u0131zda saklan\u0131r. Ayr\u0131ca kullan\u0131lan izleme teknolojileri bilgi toplamak ve izlemek, Hizmetimizi geli\u015ftirmek ve analiz etmek i\u00e7in i\u015faret\u00e7iler, etiketler ve komut dosyalar\u0131d\u0131r.<\/p>\n<p>Taray\u0131c\u0131n\u0131za t\u00fcm \u00e7erezleri reddetmesini veya bir \u00e7erezin ne zaman g\u00f6nderilece\u011fini belirtmesini isteyebilirsiniz. Ancak, \u00e7erezleri kabul etmezseniz, Hizmetimizin baz\u0131 b\u00f6l\u00fcmlerini kullanamayabilirsiniz.<\/p>\n<p>Kulland\u0131\u011f\u0131m\u0131z \u00c7erezlere \u00d6rnekler:<\/p>\n<ul>\n<li><strong>Oturum \u00c7erezleri.<\/strong> Hizmetimizi \u00e7al\u0131\u015ft\u0131rmak i\u00e7in Oturum \u00c7erezleri kullan\u0131yoruz.<\/li>\n<li><strong>Tercih \u00c7erezleri.<\/strong> Tercihlerinizi ve \u00e7e\u015fitli ayarlar\u0131n\u0131z\u0131 hat\u0131rlamak i\u00e7in Tercih \u00c7erezleri kullan\u0131yoruz.<\/li>\n<li><strong>G\u00fcvenlik Tan\u0131mlama Bilgileri.<\/strong> G\u00fcvenlik Tan\u0131mlama Bilgilerini g\u00fcvenlik amac\u0131yla kullan\u0131yoruz.<\/li>\n<\/ul>\n<h2>Verilerin Kullan\u0131m\u0131<\/h2>\n<p>Akvaryum: Bal\u0131k ve Bitkiler toplanan verileri \u00e7e\u015fitli ama\u00e7lar i\u00e7in kullan\u0131r:<\/p>\n<ul>\n<li>Hizmeti sa\u011flamak ve s\u00fcrd\u00fcrmek<\/li>\n<li>Size servisimizdeki de\u011fi\u015fiklikler hakk\u0131nda bilgi vermek<\/li>\n<li>Bunu se\u00e7ti\u011finizde Hizmetimizin etkile\u015fimli \u00f6zelliklerine kat\u0131lman\u0131za izin vermek i\u00e7in<\/li>\n<li>M\u00fc\u015fteri deste\u011fi ve deste\u011fi sa\u011flamak<\/li>\n<li>Hizmeti iyile\u015ftirebilmemiz i\u00e7in analiz veya de\u011ferli bilgiler sa\u011flamak<\/li>\n<li>Hizmetin kullan\u0131m\u0131n\u0131 izlemek i\u00e7in<\/li>\n<li>Teknik sorunlar\u0131 tespit etmek, \u00f6nlemek ve ele almak i\u00e7in<\/li>\n<\/ul>\n<h2>Use of Google AdSense<\/h2>\n<p>This website uses Google AdSense. This is a service of Google Inc, 1600 Amphitheatre Parkway, Mountain View, CA 94043, USA, for the integration of advertisements. Google AdSense uses cookies. These are files that Google stores on your PC to analyze the data of your use of our website. In addition, Google AdSense also uses web beacons, which are invisible graphics that enable Google to analyze clicks on this website, traffic on this website and similar information. More information can be found on Google&#8217;s privacy web page.<\/p>\n<p>The information obtained via cookies and web beacons, your IP address and the delivery of advertising formats are transmitted to a Google server located in the USA and stored there. Google may pass on this collected information to third parties if this is required by law or if Google instructs third parties to process the data. However, Google will merge your IP address with the other stored data. You can find more information on <a href=\"https:\/\/policies.google.com\/technologies\/partner-sites\">Google&#8217;s privacy website<\/a>.<\/p>\n<p>By making the appropriate settings on your Internet browser, you can prevent the aforementioned cookies from being stored on your PC. However, this may mean that the contents of this website can no longer be used to the same extent. By using this website, you consent to the processing of data about you by Google in the manner and for the purposes set out above.<\/p>\n<h2>Veri Aktar\u0131m\u0131<\/h2>\n<p>Ki\u015fisel Veriler de dahil olmak \u00fczere bilgileriniz, eyaletinizin, ilinizin, \u00fclkenizin veya veri koruma yasalar\u0131n\u0131n sizin yarg\u0131 alan\u0131n\u0131zdakilerden farkl\u0131 olabilece\u011fi di\u011fer resmi yarg\u0131 b\u00f6lgelerinin d\u0131\u015f\u0131nda bulunan bilgisayarlara aktar\u0131labilir ve bu bilgisayarlarda saklanabilir.<\/p>\n<p>Almanya d\u0131\u015f\u0131ndaysan\u0131z ve bize bilgi vermeyi tercih ediyorsan\u0131z, Ki\u015fisel Veriler dahil verileri Almanya&#039;ya aktard\u0131\u011f\u0131m\u0131z\u0131 ve orada i\u015fledi\u011fimizi l\u00fctfen unutmay\u0131n.<\/p>\n<p>Bu Gizlilik Politikas\u0131na onay vermeniz ve ard\u0131ndan bu t\u00fcr bilgileri g\u00f6ndermeniz, s\u00f6z konusu aktar\u0131m\u0131 kabul etti\u011finiz anlam\u0131na gelir.<\/p>\n<p>Akvaryum: Bal\u0131klar ve Bitkiler, verilerinizin g\u00fcvenli bir \u015fekilde ve bu Gizlilik Politikas\u0131na uygun olarak ele al\u0131nmas\u0131n\u0131 sa\u011flamak i\u00e7in makul olarak gerekli t\u00fcm ad\u0131mlar\u0131 atacak ve a\u015fa\u011f\u0131dakiler de dahil olmak \u00fczere yeterli kontroller olmad\u0131k\u00e7a Ki\u015fisel Verilerinizin bir kurulu\u015fa veya \u00fclkeye aktar\u0131lmas\u0131 ger\u00e7ekle\u015fmeyecektir. verilerinizin ve di\u011fer ki\u015fisel bilgilerinizin g\u00fcvenli\u011fi.<\/p>\n<h2>Verilerin \u0130f\u015fas\u0131<\/h2>\n<h3>Yasal y\u00fck\u00fcml\u00fcl\u00fckler<\/h3>\n<p>Akvaryum: Bal\u0131k ve Bitkiler, Ki\u015fisel Verilerinizi bu t\u00fcr eylemlerin gerekli oldu\u011funa dair iyi niyetle a\u00e7\u0131klayabilir:<\/p>\n<ul>\n<li>Yasal bir y\u00fck\u00fcml\u00fcl\u00fc\u011fe uymak<\/li>\n<li>Akvaryumun haklar\u0131n\u0131 veya m\u00fclkiyetini korumak ve savunmak i\u00e7in: Bal\u0131k ve Bitkiler<\/li>\n<li>Hizmetle ba\u011flant\u0131l\u0131 olas\u0131 yanl\u0131\u015flar\u0131 \u00f6nlemek veya ara\u015ft\u0131rmak i\u00e7in<\/li>\n<li>Hizmet kullan\u0131c\u0131lar\u0131n\u0131n veya halk\u0131n ki\u015fisel g\u00fcvenli\u011fini korumak i\u00e7in<\/li>\n<li>Yasal y\u00fck\u00fcml\u00fcl\u00fc\u011fe kar\u015f\u0131 korumak<\/li>\n<\/ul>\n<h2>Veri G\u00fcvenli\u011fi<\/h2>\n<p>Verilerinizin g\u00fcvenli\u011fi bizim i\u00e7in \u00f6nemlidir, ancak \u0130nternet \u00fczerinden hi\u00e7bir iletim y\u00f6nteminin veya elektronik depolama y\u00f6nteminin 100% g\u00fcvenli olmad\u0131\u011f\u0131n\u0131 unutmay\u0131n. Ki\u015fisel Verilerinizi korumak i\u00e7in ticari olarak kabul edilebilir y\u00f6ntemler kullanmaya \u00e7al\u0131\u015f\u0131rken, mutlak g\u00fcvenli\u011fini garanti edemeyiz.<\/p>\n<h2>Servis sa\u011flay\u0131c\u0131lar\u0131<\/h2>\n<p>Hizmetimizi kolayla\u015ft\u0131rmak (&quot;Hizmet Sa\u011flay\u0131c\u0131lar&quot;), bizim ad\u0131m\u0131za Hizmet sunmak, Hizmetle ilgili hizmetler ger\u00e7ekle\u015ftirmek veya Hizmetimizin nas\u0131l kullan\u0131ld\u0131\u011f\u0131n\u0131 analiz etmemize yard\u0131mc\u0131 olmak i\u00e7in \u00fc\u00e7\u00fcnc\u00fc taraf \u015firketler ve ki\u015filer kullanabiliriz.<\/p>\n<p>Bu \u00fc\u00e7\u00fcnc\u00fc taraflar\u0131n Ki\u015fisel Verilerinize yaln\u0131zca bu g\u00f6revleri bizim ad\u0131m\u0131za ger\u00e7ekle\u015ftirmek i\u00e7in eri\u015fimi vard\u0131r ve bu bilgileri ba\u015fka bir ama\u00e7la if\u015fa etmemek veya kullanmamakla y\u00fck\u00fcml\u00fcd\u00fcr.<\/p>\n<h3>analitik<\/h3>\n<p>Hizmetimizin kullan\u0131m\u0131n\u0131 izlemek ve analiz etmek i\u00e7in \u00fc\u00e7\u00fcnc\u00fc taraf Hizmet Sa\u011flay\u0131c\u0131lar\u0131 kullanabiliriz.<\/p>\n<ul>\n<li><strong>Google Analytics<\/strong>Google Analytics is a web analytics service offered by Google that tracks and reports website traffic. Google uses the data collected to track and monitor the use of our Service. This data is shared with other Google services. Google may use the collected data to contextualize and personalize the ads of its own advertising network.You can opt-out of having made your activity on the Service available to Google Analytics by installing the Google Analytics opt-out browser add-on. The add-on prevents the Google Analytics JavaScript (ga.js, analytics.js, and dc.js) from sharing information with Google Analytics about visits activity.For more information on the privacy practices of Google, please visit the Google Privacy &amp; Terms web page: <a href=\"https:\/\/policies.google.com\/privacy?hl=en\">https:\/\/policies.google.com\/privacy?hl=en<\/a><\/li>\n<\/ul>\n<h2>Di\u011fer Sitelere Ba\u011flant\u0131lar<\/h2>\n<p>Hizmetimiz, bizim taraf\u0131m\u0131zdan i\u015fletilmeyen di\u011fer sitelere ba\u011flant\u0131lar i\u00e7erebilir. Bir \u00fc\u00e7\u00fcnc\u00fc taraf ba\u011flant\u0131s\u0131n\u0131 t\u0131klarsan\u0131z, s\u00f6z konusu \u00fc\u00e7\u00fcnc\u00fc taraf\u0131n sitesine y\u00f6nlendirilirsiniz. Ziyaret etti\u011finiz her sitenin Gizlilik Politikas\u0131n\u0131 g\u00f6zden ge\u00e7irmenizi \u00f6nemle tavsiye ederiz.<\/p>\n<p>\u00dc\u00e7\u00fcnc\u00fc taraf sitelerin veya hizmetlerin i\u00e7eri\u011fi, gizlilik politikalar\u0131 veya uygulamalar\u0131 \u00fczerinde hi\u00e7bir kontrole sahip de\u011filiz ve sorumluluk kabul etmiyoruz.<\/p>\n<h2>\u00c7ocuklar\u0131n Gizlili\u011fi<\/h2>\n<p>Hizmetimiz 18 ya\u015f\u0131n alt\u0131ndaki kimseye hitap etmemektedir (\u201c\u00c7ocuklar\u201d).<\/p>\n<p>18 ya\u015f\u0131n alt\u0131ndaki hi\u00e7 kimseden ki\u015fisel olarak tan\u0131mlanabilir bilgi toplamay\u0131z. Ebeveyn veya veli iseniz ve \u00c7ocuklar\u0131n\u0131z\u0131n bize Ki\u015fisel Veriler sa\u011flad\u0131\u011f\u0131n\u0131 biliyorsan\u0131z, l\u00fctfen bizimle ileti\u015fime ge\u00e7in. Ebeveyn onay\u0131n\u0131 do\u011frulamadan \u00e7ocuklardan Ki\u015fisel Veriler toplad\u0131\u011f\u0131m\u0131z\u0131n fark\u0131na var\u0131rsak, bu bilgileri sunucular\u0131m\u0131zdan kald\u0131rmak i\u00e7in ad\u0131mlar atar\u0131z.<\/p>\n<h2>Bu Gizlilik Politikas\u0131ndaki De\u011fi\u015fiklikler<\/h2>\n<p>Gizlilik Politikam\u0131z\u0131 zaman zaman g\u00fcncelleyebiliriz. Bu sayfada yeni Gizlilik Politikas\u0131n\u0131 yay\u0131nlayarak de\u011fi\u015fiklikleri bildirece\u011fiz.<\/p>\n<p>De\u011fi\u015fikli\u011fin y\u00fcr\u00fcrl\u00fc\u011fe girmesinden \u00f6nce e-posta ve \/ veya Hizmetimizle ilgili \u00f6nemli bir bildirimde bulunaca\u011f\u0131z ve bu Gizlilik Politikas\u0131n\u0131n en \u00fcst\u00fcndeki &quot;ge\u00e7erlilik tarihi&quot; ni g\u00fcncelleyece\u011fiz.<\/p>\n<p>Herhangi bir de\u011fi\u015fiklik i\u00e7in bu Gizlilik Politikas\u0131n\u0131 periyodik olarak g\u00f6zden ge\u00e7irmeniz \u00f6nerilir. Bu Gizlilik Politikas\u0131ndaki de\u011fi\u015fiklikler, bu sayfada yay\u0131nland\u0131klar\u0131nda ge\u00e7erlidir.<\/p>\n<h2>Bize Ula\u015f\u0131n<\/h2>\n<p>Bu Gizlilik Politikas\u0131 hakk\u0131nda herhangi bir sorunuz varsa, l\u00fctfen bize ula\u015f\u0131n:<\/p>\n<ul>\n<li>E-posta ile: max.luppert@hotmail.de<\/li>\n<\/ul>\n<p style=\"color: white;\">Du wolltest schon immer wissen, wie du wirksam <a style=\"color: white;\" href=\"https:\/\/aquarium-fische-pflanzen.de\/erbsenkugelfische-im-aquarium-alles-ueber-zwergkugelfische\">Erbsenkugelfische \/ Zwergkugelfische im Akvaryum halten <\/a>kannst?<\/p>","protected":false},"excerpt":{"rendered":"<p>Gizlilik Politikas\u0131 Y\u00fcr\u00fcrl\u00fck tarihi: 05 Kas\u0131m 2018 Akvaryum: Bal\u0131klar ve Bitkiler (&quot;biz&quot;, &quot;biz&quot; veya &quot;bizim&quot;) https:\/\/aquarium-fish-plants.com\/ web sitesini (&quot;Hizmet&quot;) i\u015fletmektedir. Bu sayfa, kulland\u0131\u011f\u0131n\u0131zda ki\u015fisel verilerin toplanmas\u0131, kullan\u0131lmas\u0131 ve if\u015fa edilmesine ili\u015fkin politikalar\u0131m\u0131z hakk\u0131nda sizi bilgilendirir.<\/p>","protected":false},"author":1,"featured_media":0,"parent":0,"menu_order":0,"comment_status":"closed","ping_status":"closed","template":"","meta":{"footnotes":""},"class_list":["post-326","page","type-page","status-publish","hentry"],"yoast_head":"<!-- This site is optimized with the Yoast SEO plugin v24.6 - https:\/\/yoast.com\/wordpress\/plugins\/seo\/ -->\n<title>Privacy Policy - Aquarium-Fish-Plants.com<\/title>\n<meta name=\"robots\" content=\"index, follow, max-snippet:-1, max-image-preview:large, max-video-preview:-1\" \/>\n<link rel=\"canonical\" href=\"https:\/\/aquarium-fish-plants.com\/tr\/privacy-policy\/\" \/>\n<meta property=\"og:locale\" content=\"tr_TR\" \/>\n<meta property=\"og:type\" content=\"article\" \/>\n<meta property=\"og:title\" content=\"Privacy Policy - Aquarium-Fish-Plants.com\" \/>\n<meta property=\"og:description\" content=\"Privacy Policy Effective date: November 05, 2018 Aquarium: Fish and Plants (&#8220;us&#8221;, &#8220;we&#8221;, or &#8220;our&#8221;) operates the https:\/\/aquarium-fish-plants.com\/ website (the &#8220;Service&#8221;). This page informs you of our policies regarding the collection, use, and disclosure of personal data when you use\" \/>\n<meta property=\"og:url\" content=\"https:\/\/aquarium-fish-plants.com\/tr\/privacy-policy\/\" \/>\n<meta property=\"og:site_name\" content=\"Aquarium-Fish-Plants.com\" \/>\n<meta property=\"article:modified_time\" content=\"2022-04-02T14:11:41+00:00\" \/>\n<meta name=\"twitter:card\" content=\"summary_large_image\" \/>\n<meta name=\"twitter:label1\" content=\"Tahmini okuma s\u00fcresi\" \/>\n\t<meta name=\"twitter:data1\" content=\"7 dakika\" \/>\n<script type=\"application\/ld+json\" class=\"yoast-schema-graph\">{\"@context\":\"https:\/\/schema.org\",\"@graph\":[{\"@type\":\"WebPage\",\"@id\":\"https:\/\/aquarium-fish-plants.com\/privacy-policy\",\"url\":\"https:\/\/aquarium-fish-plants.com\/privacy-policy\",\"name\":\"Privacy Policy - Aquarium-Fish-Plants.com\",\"isPartOf\":{\"@id\":\"https:\/\/aquarium-fish-plants.com\/#website\"},\"datePublished\":\"2017-11-27T19:57:40+00:00\",\"dateModified\":\"2022-04-02T14:11:41+00:00\",\"breadcrumb\":{\"@id\":\"https:\/\/aquarium-fish-plants.com\/privacy-policy#breadcrumb\"},\"inLanguage\":\"tr\",\"potentialAction\":[{\"@type\":\"ReadAction\",\"target\":[\"https:\/\/aquarium-fish-plants.com\/privacy-policy\"]}]},{\"@type\":\"BreadcrumbList\",\"@id\":\"https:\/\/aquarium-fish-plants.com\/privacy-policy#breadcrumb\",\"itemListElement\":[{\"@type\":\"ListItem\",\"position\":1,\"name\":\"Startseite\",\"item\":\"https:\/\/aquarium-fish-plants.com\/\"},{\"@type\":\"ListItem\",\"position\":2,\"name\":\"Privacy Policy\"}]},{\"@type\":\"WebSite\",\"@id\":\"https:\/\/aquarium-fish-plants.com\/#website\",\"url\":\"https:\/\/aquarium-fish-plants.com\/\",\"name\":\"Aquarium-Fish-Plants.com\",\"description\":\"Your online fishkeeping guide!\",\"publisher\":{\"@id\":\"https:\/\/aquarium-fish-plants.com\/#organization\"},\"potentialAction\":[{\"@type\":\"SearchAction\",\"target\":{\"@type\":\"EntryPoint\",\"urlTemplate\":\"https:\/\/aquarium-fish-plants.com\/?s={search_term_string}\"},\"query-input\":{\"@type\":\"PropertyValueSpecification\",\"valueRequired\":true,\"valueName\":\"search_term_string\"}}],\"inLanguage\":\"tr\"},{\"@type\":\"Organization\",\"@id\":\"https:\/\/aquarium-fish-plants.com\/#organization\",\"name\":\"Aquarium-Fish-Plants.com\",\"url\":\"https:\/\/aquarium-fish-plants.com\/\",\"logo\":{\"@type\":\"ImageObject\",\"inLanguage\":\"tr\",\"@id\":\"https:\/\/aquarium-fish-plants.com\/#\/schema\/logo\/image\/\",\"url\":\"https:\/\/aquarium-fish-plants.com\/wp-content\/uploads\/2018\/05\/cropped-logo-aquarium-fish-plants-com.jpg\",\"contentUrl\":\"https:\/\/aquarium-fish-plants.com\/wp-content\/uploads\/2018\/05\/cropped-logo-aquarium-fish-plants-com.jpg\",\"width\":1000,\"height\":680,\"caption\":\"Aquarium-Fish-Plants.com\"},\"image\":{\"@id\":\"https:\/\/aquarium-fish-plants.com\/#\/schema\/logo\/image\/\"}}]}<\/script>\n<!-- \/ Yoast SEO plugin. -->","yoast_head_json":{"title":"Privacy Policy - Aquarium-Fish-Plants.com","robots":{"index":"index","follow":"follow","max-snippet":"max-snippet:-1","max-image-preview":"max-image-preview:large","max-video-preview":"max-video-preview:-1"},"canonical":"https:\/\/aquarium-fish-plants.com\/tr\/privacy-policy\/","og_locale":"tr_TR","og_type":"article","og_title":"Privacy Policy - Aquarium-Fish-Plants.com","og_description":"Privacy Policy Effective date: November 05, 2018 Aquarium: Fish and Plants (&#8220;us&#8221;, &#8220;we&#8221;, or &#8220;our&#8221;) operates the https:\/\/aquarium-fish-plants.com\/ website (the &#8220;Service&#8221;). This page informs you of our policies regarding the collection, use, and disclosure of personal data when you use","og_url":"https:\/\/aquarium-fish-plants.com\/tr\/privacy-policy\/","og_site_name":"Aquarium-Fish-Plants.com","article_modified_time":"2022-04-02T14:11:41+00:00","twitter_card":"summary_large_image","twitter_misc":{"Tahmini okuma s\u00fcresi":"7 dakika"},"schema":{"@context":"https:\/\/schema.org","@graph":[{"@type":"WebPage","@id":"https:\/\/aquarium-fish-plants.com\/privacy-policy","url":"https:\/\/aquarium-fish-plants.com\/privacy-policy","name":"Privacy Policy - Aquarium-Fish-Plants.com","isPartOf":{"@id":"https:\/\/aquarium-fish-plants.com\/#website"},"datePublished":"2017-11-27T19:57:40+00:00","dateModified":"2022-04-02T14:11:41+00:00","breadcrumb":{"@id":"https:\/\/aquarium-fish-plants.com\/privacy-policy#breadcrumb"},"inLanguage":"tr","potentialAction":[{"@type":"ReadAction","target":["https:\/\/aquarium-fish-plants.com\/privacy-policy"]}]},{"@type":"BreadcrumbList","@id":"https:\/\/aquarium-fish-plants.com\/privacy-policy#breadcrumb","itemListElement":[{"@type":"ListItem","position":1,"name":"Startseite","item":"https:\/\/aquarium-fish-plants.com\/"},{"@type":"ListItem","position":2,"name":"Privacy Policy"}]},{"@type":"WebSite","@id":"https:\/\/aquarium-fish-plants.com\/#website","url":"https:\/\/aquarium-fish-plants.com\/","name":"Aquarium-Fish-Plants.com","description":"Your online fishkeeping guide!","publisher":{"@id":"https:\/\/aquarium-fish-plants.com\/#organization"},"potentialAction":[{"@type":"SearchAction","target":{"@type":"EntryPoint","urlTemplate":"https:\/\/aquarium-fish-plants.com\/?s={search_term_string}"},"query-input":{"@type":"PropertyValueSpecification","valueRequired":true,"valueName":"search_term_string"}}],"inLanguage":"tr"},{"@type":"Organization","@id":"https:\/\/aquarium-fish-plants.com\/#organization","name":"Aquarium-Fish-Plants.com","url":"https:\/\/aquarium-fish-plants.com\/","logo":{"@type":"ImageObject","inLanguage":"tr","@id":"https:\/\/aquarium-fish-plants.com\/#\/schema\/logo\/image\/","url":"https:\/\/aquarium-fish-plants.com\/wp-content\/uploads\/2018\/05\/cropped-logo-aquarium-fish-plants-com.jpg","contentUrl":"https:\/\/aquarium-fish-plants.com\/wp-content\/uploads\/2018\/05\/cropped-logo-aquarium-fish-plants-com.jpg","width":1000,"height":680,"caption":"Aquarium-Fish-Plants.com"},"image":{"@id":"https:\/\/aquarium-fish-plants.com\/#\/schema\/logo\/image\/"}}]}},"_links":{"self":[{"href":"https:\/\/aquarium-fish-plants.com\/tr\/wp-json\/wp\/v2\/pages\/326","targetHints":{"allow":["GET"]}}],"collection":[{"href":"https:\/\/aquarium-fish-plants.com\/tr\/wp-json\/wp\/v2\/pages"}],"about":[{"href":"https:\/\/aquarium-fish-plants.com\/tr\/wp-json\/wp\/v2\/types\/page"}],"author":[{"embeddable":true,"href":"https:\/\/aquarium-fish-plants.com\/tr\/wp-json\/wp\/v2\/users\/1"}],"replies":[{"embeddable":true,"href":"https:\/\/aquarium-fish-plants.com\/tr\/wp-json\/wp\/v2\/comments?post=326"}],"version-history":[{"count":4,"href":"https:\/\/aquarium-fish-plants.com\/tr\/wp-json\/wp\/v2\/pages\/326\/revisions"}],"predecessor-version":[{"id":1734,"href":"https:\/\/aquarium-fish-plants.com\/tr\/wp-json\/wp\/v2\/pages\/326\/revisions\/1734"}],"wp:attachment":[{"href":"https:\/\/aquarium-fish-plants.com\/tr\/wp-json\/wp\/v2\/media?parent=326"}],"curies":[{"name":"wp","href":"https:\/\/api.w.org\/{rel}","templated":true}]}}