{"id":326,"date":"2017-11-27T19:57:40","date_gmt":"2017-11-27T19:57:40","guid":{"rendered":"https:\/\/aquarium-fish-plants.com\/?page_id=326"},"modified":"2022-04-02T14:11:41","modified_gmt":"2022-04-02T14:11:41","slug":"privacy-policy","status":"publish","type":"page","link":"https:\/\/aquarium-fish-plants.com\/pl\/privacy-policy","title":{"rendered":"Polityka prywatno\u015bci"},"content":{"rendered":"<h1>Polityka prywatno\u015bci<\/h1>\n<p>Data wej\u015bcia w \u017cycie: 5 listopada 2018 r<\/p>\n<p>Akwarium: Ryby i Ro\u015bliny (\u201enas\u201d, \u201emy\u201d lub \u201enasz\u201d) obs\u0142uguje witryn\u0119 https:\/\/aquarium-fish-plants.com\/ (\u201eUs\u0142uga\u201d).<\/p>\n<p>Ta strona informuje Ci\u0119 o naszych zasadach dotycz\u0105cych gromadzenia, wykorzystywania i ujawniania danych osobowych podczas korzystania z naszej Us\u0142ugi oraz o wyborach, kt\u00f3re zosta\u0142y powi\u0105zane z tymi danymi. Nasza polityka prywatno\u015bci dla akwarium: Ryby i ro\u015bliny s\u0105 zarz\u0105dzane przez <a href=\"https:\/\/www.freeprivacypolicy.com\/free-privacy-policy-generator.php\">Darmowa polityka prywatno\u015bci<\/a>.<\/p>\n<p>U\u017cywamy twoich danych do \u015bwiadczenia i ulepszania Us\u0142ugi. Korzystaj\u0105c z Us\u0142ugi, wyra\u017casz zgod\u0119 na gromadzenie i wykorzystywanie informacji zgodnie z niniejszymi zasadami. O ile nie okre\u015blono inaczej w niniejszej Polityce prywatno\u015bci, warunki u\u017cyte w niniejszej Polityce prywatno\u015bci maj\u0105 takie samo znaczenie, jak w naszych Warunkach, dost\u0119pnych na stronie https:\/\/aquarium-fish-plants.com\/<\/p>\n<h2>Gromadzenie i wykorzystanie informacji<\/h2>\n<p>Gromadzimy kilka r\u00f3\u017cnych rodzaj\u00f3w informacji do r\u00f3\u017cnych cel\u00f3w w celu \u015bwiadczenia i ulepszania naszej Us\u0142ugi.<\/p>\n<h3>Rodzaje gromadzonych danych<\/h3>\n<h4>Dane osobiste<\/h4>\n<p>Podczas korzystania z naszej Us\u0142ugi mo\u017cemy poprosi\u0107 Ci\u0119 o przekazanie nam pewnych danych osobowych, kt\u00f3re mog\u0105 zosta\u0107 wykorzystane do skontaktowania si\u0119 z Tob\u0105 lub identyfikacji (\u201eDane osobowe\u201d). Dane osobowe mog\u0105 obejmowa\u0107 mi\u0119dzy innymi:<\/p>\n<ul>\n<li>Pliki cookie i dane o u\u017cytkowaniu<\/li>\n<\/ul>\n<h4>Dane o u\u017cytkowaniu<\/h4>\n<p>Mo\u017cemy r\u00f3wnie\u017c gromadzi\u0107 informacje o sposobie dost\u0119pu do Us\u0142ugi i korzystania z niej (\u201eDane o u\u017cytkowaniu\u201d). Te dane o u\u017cytkowaniu mog\u0105 obejmowa\u0107 takie informacje, jak adres protoko\u0142u internetowego komputera (np. Adres IP), typ przegl\u0105darki, wersja przegl\u0105darki, strony odwiedzanej przez nas us\u0142ugi, godzina i data wizyty, czas sp\u0119dzony na tych stronach, unikatowe identyfikatory urz\u0105dze\u0144 i inne dane diagnostyczne.<\/p>\n<h4>Dane \u015bledzenia i plik\u00f3w cookie<\/h4>\n<p>U\u017cywamy plik\u00f3w cookie i podobnych technologii \u015bledzenia do \u015bledzenia aktywno\u015bci w naszym Serwisie i przechowywania okre\u015blonych informacji.<\/p>\n<p>Pliki cookie to pliki z niewielk\u0105 ilo\u015bci\u0105 danych, kt\u00f3re mog\u0105 zawiera\u0107 anonimowy unikalny identyfikator. Pliki cookie s\u0105 wysy\u0142ane do przegl\u0105darki z witryny internetowej i przechowywane na Twoim urz\u0105dzeniu. Stosowane technologie \u015bledzenia to r\u00f3wnie\u017c sygna\u0142y nawigacyjne, tagi i skrypty do gromadzenia i \u015bledzenia informacji oraz do ulepszania i analizowania naszej Us\u0142ugi.<\/p>\n<p>Mo\u017cesz poinstruowa\u0107 przegl\u0105dark\u0119, aby odrzuca\u0142a wszystkie pliki cookie lub wskazywa\u0142a, kiedy plik cookie jest wysy\u0142any. Je\u015bli jednak nie akceptujesz plik\u00f3w cookie, mo\u017cesz nie by\u0107 w stanie korzysta\u0107 z niekt\u00f3rych cz\u0119\u015bci naszego Serwisu.<\/p>\n<p>Przyk\u0142ady wykorzystywanych przez nas plik\u00f3w cookie:<\/p>\n<ul>\n<li><strong>Sesyjne pliki cookie.<\/strong> U\u017cywamy Sesyjnych plik\u00f3w cookie do obs\u0142ugi naszego Serwisu.<\/li>\n<li><strong>Preferencyjne pliki cookie.<\/strong> U\u017cywamy plik\u00f3w cookie preferencji, aby zapami\u0119ta\u0107 twoje preferencje i r\u00f3\u017cne ustawienia.<\/li>\n<li><strong>Pliki cookie bezpiecze\u0144stwa.<\/strong> U\u017cywamy bezpiecznych plik\u00f3w cookie do cel\u00f3w bezpiecze\u0144stwa.<\/li>\n<\/ul>\n<h2>Wykorzystanie danych<\/h2>\n<p>Akwarium: Ryby i Ro\u015bliny wykorzystuje zebrane dane do r\u00f3\u017cnych cel\u00f3w:<\/p>\n<ul>\n<li>W celu \u015bwiadczenia i utrzymania Us\u0142ugi<\/li>\n<li>Aby powiadomi\u0107 Ci\u0119 o zmianach w naszej us\u0142udze<\/li>\n<li>Aby umo\u017cliwi\u0107 Ci uczestnictwo w interaktywnych funkcjach naszej Us\u0142ugi, gdy zdecydujesz si\u0119 to zrobi\u0107<\/li>\n<li>Aby zapewni\u0107 obs\u0142ug\u0119 klienta i wsparcie<\/li>\n<li>Dostarczenie analiz lub cennych informacji w celu ulepszenia Us\u0142ugi<\/li>\n<li>Aby monitorowa\u0107 korzystanie z Us\u0142ugi<\/li>\n<li>W celu wykrywania, zapobiegania i rozwi\u0105zywania problem\u00f3w technicznych<\/li>\n<\/ul>\n<h2>Use of Google AdSense<\/h2>\n<p>This website uses Google AdSense. This is a service of Google Inc, 1600 Amphitheatre Parkway, Mountain View, CA 94043, USA, for the integration of advertisements. Google AdSense uses cookies. These are files that Google stores on your PC to analyze the data of your use of our website. In addition, Google AdSense also uses web beacons, which are invisible graphics that enable Google to analyze clicks on this website, traffic on this website and similar information. More information can be found on Google&#8217;s privacy web page.<\/p>\n<p>The information obtained via cookies and web beacons, your IP address and the delivery of advertising formats are transmitted to a Google server located in the USA and stored there. Google may pass on this collected information to third parties if this is required by law or if Google instructs third parties to process the data. However, Google will merge your IP address with the other stored data. You can find more information on <a href=\"https:\/\/policies.google.com\/technologies\/partner-sites\">Google&#8217;s privacy website<\/a>.<\/p>\n<p>By making the appropriate settings on your Internet browser, you can prevent the aforementioned cookies from being stored on your PC. However, this may mean that the contents of this website can no longer be used to the same extent. By using this website, you consent to the processing of data about you by Google in the manner and for the purposes set out above.<\/p>\n<h2>Transfer danych<\/h2>\n<p>Twoje informacje, w tym Dane Osobowe, mog\u0105 by\u0107 przekazywane i przechowywane na komputerach znajduj\u0105cych si\u0119 poza Twoim stanem, prowincj\u0105, krajem lub inn\u0105 jurysdykcj\u0105 rz\u0105dow\u0105, gdzie przepisy o ochronie danych mog\u0105 r\u00f3\u017cni\u0107 si\u0119 od przepis\u00f3w obowi\u0105zuj\u0105cych w Twojej jurysdykcji.<\/p>\n<p>Je\u015bli u\u017cytkownik znajduje si\u0119 poza Niemcami i zdecyduje si\u0119 przekaza\u0107 nam informacje, nale\u017cy pami\u0119ta\u0107, \u017ce przekazujemy dane, w tym Dane osobowe, do Niemiec i tam je przetwarzamy.<\/p>\n<p>Twoja zgoda na niniejsz\u0105 Polityk\u0119 prywatno\u015bci, a nast\u0119pnie przes\u0142anie takich informacji oznacza zgod\u0119 na to przeniesienie.<\/p>\n<p>Akwarium: Ryby i Ro\u015bliny podejm\u0105 wszelkie niezb\u0119dne kroki, aby zapewni\u0107, \u017ce Twoje dane s\u0105 przetwarzane bezpiecznie i zgodnie z niniejsz\u0105 Polityk\u0105 Prywatno\u015bci, a \u017cadne dane osobowe nie zostan\u0105 przekazane organizacji lub krajowi, chyba \u017ce istniej\u0105 odpowiednie kontrole, w tym bezpiecze\u0144stwo Twoich danych i innych danych osobowych.<\/p>\n<h2>Ujawnianie danych<\/h2>\n<h3>Wymogi prawne<\/h3>\n<p>Akwarium: Ryby i Ro\u015bliny mog\u0105 ujawni\u0107 Twoje Dane Osobowe w dobrej wierze, uwa\u017caj\u0105c, \u017ce takie dzia\u0142anie jest konieczne, aby:<\/p>\n<ul>\n<li>Aby spe\u0142ni\u0107 zobowi\u0105zanie prawne<\/li>\n<li>Aby chroni\u0107 i broni\u0107 praw lub w\u0142asno\u015bci Aquarium: Fish and Plants<\/li>\n<li>Aby zapobiec potencjalnym nadu\u017cyciom zwi\u0105zanym z Us\u0142ug\u0105 lub je zbada\u0107<\/li>\n<li>W celu ochrony bezpiecze\u0144stwa osobistego u\u017cytkownik\u00f3w Serwisu lub spo\u0142ecze\u0144stwa<\/li>\n<li>W celu ochrony przed odpowiedzialno\u015bci\u0105 prawn\u0105<\/li>\n<\/ul>\n<h2>Bezpiecze\u0144stwo danych<\/h2>\n<p>Bezpiecze\u0144stwo Twoich danych jest dla nas wa\u017cne, ale pami\u0119taj, \u017ce \u017cadna metoda transmisji przez Internet lub metoda elektronicznego przechowywania nie jest bezpieczna 100%. Chocia\u017c staramy si\u0119 wykorzystywa\u0107 komercyjnie dopuszczalne \u015brodki w celu ochrony Twoich danych osobowych, nie mo\u017cemy zagwarantowa\u0107 ich absolutnego bezpiecze\u0144stwa.<\/p>\n<h2>Us\u0142ugodawcy<\/h2>\n<p>Mo\u017cemy zatrudnia\u0107 firmy zewn\u0119trzne i osoby prywatne w celu usprawnienia naszej Us\u0142ugi (\u201eUs\u0142ugodawcy\u201d), \u015bwiadczenia Us\u0142ugi w naszym imieniu, \u015bwiadczenia us\u0142ug zwi\u0105zanych z Us\u0142ug\u0105 lub pomocy w analizie korzystania z naszej Us\u0142ugi.<\/p>\n<p>Te osoby trzecie maj\u0105 dost\u0119p do Twoich danych osobowych wy\u0142\u0105cznie w celu wykonywania tych zada\u0144 w naszym imieniu i s\u0105 zobowi\u0105zane do nieujawniania ani wykorzystywania ich w \u017cadnym innym celu.<\/p>\n<h3>Analityka<\/h3>\n<p>Mo\u017cemy wykorzystywa\u0107 zewn\u0119trznych dostawc\u00f3w us\u0142ug do monitorowania i analizy korzystania z naszej us\u0142ugi.<\/p>\n<ul>\n<li><strong>Google Analytics<\/strong>Google Analytics is a web analytics service offered by Google that tracks and reports website traffic. Google uses the data collected to track and monitor the use of our Service. This data is shared with other Google services. Google may use the collected data to contextualize and personalize the ads of its own advertising network.You can opt-out of having made your activity on the Service available to Google Analytics by installing the Google Analytics opt-out browser add-on. The add-on prevents the Google Analytics JavaScript (ga.js, analytics.js, and dc.js) from sharing information with Google Analytics about visits activity.For more information on the privacy practices of Google, please visit the Google Privacy &amp; Terms web page: <a href=\"https:\/\/policies.google.com\/privacy?hl=en\">https:\/\/policies.google.com\/privacy?hl=en<\/a><\/li>\n<\/ul>\n<h2>Linki do innych stron<\/h2>\n<p>Nasza us\u0142uga mo\u017ce zawiera\u0107 linki do innych stron, kt\u00f3re nie s\u0105 przez nas obs\u0142ugiwane. Je\u015bli klikniesz link strony trzeciej, nast\u0105pi przekierowanie do strony tej strony trzeciej. Zdecydowanie zalecamy zapoznanie si\u0119 z polityk\u0105 prywatno\u015bci ka\u017cdej odwiedzanej witryny.<\/p>\n<p>Nie mamy kontroli i nie ponosimy \u017cadnej odpowiedzialno\u015bci za tre\u015b\u0107, polityk\u0119 prywatno\u015bci lub praktyki stron lub us\u0142ug stron trzecich.<\/p>\n<h2>Prywatno\u015b\u0107 dzieci<\/h2>\n<p>Nasza us\u0142uga nie jest skierowana do os\u00f3b poni\u017cej 18 roku \u017cycia (\u201eDzieci\u201d).<\/p>\n<p>Nie zbieramy \u015bwiadomie danych osobowych od os\u00f3b poni\u017cej 18 roku \u017cycia. Je\u015bli jeste\u015b rodzicem lub opiekunem i masz \u015bwiadomo\u015b\u0107, \u017ce Twoje Dzieci przekaza\u0142y nam Dane Osobowe, skontaktuj si\u0119 z nami. Je\u015bli dowiemy si\u0119, \u017ce zebrali\u015bmy Dane osobowe od dzieci bez weryfikacji zgody rodzic\u00f3w, podejmujemy kroki w celu usuni\u0119cia tych informacji z naszych serwer\u00f3w.<\/p>\n<h2>Zmiany w niniejszej polityce prywatno\u015bci<\/h2>\n<p>Od czasu do czasu mo\u017cemy aktualizowa\u0107 nasz\u0105 Polityk\u0119 prywatno\u015bci. Powiadomimy Ci\u0119 o wszelkich zmianach, publikuj\u0105c now\u0105 Polityk\u0119 prywatno\u015bci na tej stronie.<\/p>\n<p>Powiadomimy Ci\u0119 e-mailem i \/ lub wyra\u017anym powiadomieniem o naszej us\u0142udze, zanim zmiana zacznie obowi\u0105zywa\u0107, i zaktualizujemy \u201edat\u0119 wej\u015bcia w \u017cycie\u201d u g\u00f3ry niniejszej Polityki prywatno\u015bci.<\/p>\n<p>Zaleca si\u0119 okresowe przegl\u0105danie niniejszej Polityki prywatno\u015bci pod k\u0105tem wszelkich zmian. Zmiany niniejszej Polityki prywatno\u015bci obowi\u0105zuj\u0105, gdy zostan\u0105 opublikowane na tej stronie.<\/p>\n<h2>Skontaktuj si\u0119 z nami<\/h2>\n<p>Je\u015bli masz jakie\u015b pytania dotycz\u0105ce niniejszej Polityki prywatno\u015bci, skontaktuj si\u0119 z nami:<\/p>\n<ul>\n<li>E-mailem: max.luppert@hotmail.de<\/li>\n<\/ul>\n<p style=\"color: white;\">Du wolltest schon immer wissen, wie du wirksam <a style=\"color: white;\" href=\"https:\/\/aquarium-fische-pflanzen.de\/erbsenkugelfische-im-aquarium-alles-ueber-zwergkugelfische\">Erbsenkugelfische \/ Zwergkugelfische im Aquarium halten <\/a>kannst?<\/p>","protected":false},"excerpt":{"rendered":"<p>Polityka prywatno\u015bci Data wej\u015bcia w \u017cycie: 05 listopada 2018 r. Akwarium: Ryby i Ro\u015bliny (\u201enas\u201d, \u201emy\u201d lub \u201enasz\u201d) prowadzi stron\u0119 internetow\u0105 https:\/\/aquarium-fish-plants.com\/ (\u201eUs\u0142uga\u201d). Ta strona informuje o naszych zasadach dotycz\u0105cych gromadzenia, wykorzystywania i ujawniania danych osobowych podczas ich u\u017cywania<\/p>","protected":false},"author":1,"featured_media":0,"parent":0,"menu_order":0,"comment_status":"closed","ping_status":"closed","template":"","meta":{"footnotes":""},"class_list":["post-326","page","type-page","status-publish","hentry"],"yoast_head":"<!-- This site is optimized with the Yoast SEO plugin v24.6 - https:\/\/yoast.com\/wordpress\/plugins\/seo\/ -->\n<title>Privacy Policy - Aquarium-Fish-Plants.com<\/title>\n<meta name=\"robots\" content=\"index, follow, max-snippet:-1, max-image-preview:large, max-video-preview:-1\" \/>\n<link rel=\"canonical\" href=\"https:\/\/aquarium-fish-plants.com\/pl\/privacy-policy\/\" \/>\n<meta property=\"og:locale\" content=\"pl_PL\" \/>\n<meta property=\"og:type\" content=\"article\" \/>\n<meta property=\"og:title\" content=\"Privacy Policy - Aquarium-Fish-Plants.com\" \/>\n<meta property=\"og:description\" content=\"Privacy Policy Effective date: November 05, 2018 Aquarium: Fish and Plants (&#8220;us&#8221;, &#8220;we&#8221;, or &#8220;our&#8221;) operates the https:\/\/aquarium-fish-plants.com\/ website (the &#8220;Service&#8221;). This page informs you of our policies regarding the collection, use, and disclosure of personal data when you use\" \/>\n<meta property=\"og:url\" content=\"https:\/\/aquarium-fish-plants.com\/pl\/privacy-policy\/\" \/>\n<meta property=\"og:site_name\" content=\"Aquarium-Fish-Plants.com\" \/>\n<meta property=\"article:modified_time\" content=\"2022-04-02T14:11:41+00:00\" \/>\n<meta name=\"twitter:card\" content=\"summary_large_image\" \/>\n<meta name=\"twitter:label1\" content=\"Szacowany czas czytania\" \/>\n\t<meta name=\"twitter:data1\" content=\"7 minut\" \/>\n<script type=\"application\/ld+json\" class=\"yoast-schema-graph\">{\"@context\":\"https:\/\/schema.org\",\"@graph\":[{\"@type\":\"WebPage\",\"@id\":\"https:\/\/aquarium-fish-plants.com\/privacy-policy\",\"url\":\"https:\/\/aquarium-fish-plants.com\/privacy-policy\",\"name\":\"Privacy Policy - Aquarium-Fish-Plants.com\",\"isPartOf\":{\"@id\":\"https:\/\/aquarium-fish-plants.com\/#website\"},\"datePublished\":\"2017-11-27T19:57:40+00:00\",\"dateModified\":\"2022-04-02T14:11:41+00:00\",\"breadcrumb\":{\"@id\":\"https:\/\/aquarium-fish-plants.com\/privacy-policy#breadcrumb\"},\"inLanguage\":\"pl-PL\",\"potentialAction\":[{\"@type\":\"ReadAction\",\"target\":[\"https:\/\/aquarium-fish-plants.com\/privacy-policy\"]}]},{\"@type\":\"BreadcrumbList\",\"@id\":\"https:\/\/aquarium-fish-plants.com\/privacy-policy#breadcrumb\",\"itemListElement\":[{\"@type\":\"ListItem\",\"position\":1,\"name\":\"Startseite\",\"item\":\"https:\/\/aquarium-fish-plants.com\/\"},{\"@type\":\"ListItem\",\"position\":2,\"name\":\"Privacy Policy\"}]},{\"@type\":\"WebSite\",\"@id\":\"https:\/\/aquarium-fish-plants.com\/#website\",\"url\":\"https:\/\/aquarium-fish-plants.com\/\",\"name\":\"Aquarium-Fish-Plants.com\",\"description\":\"Your online fishkeeping guide!\",\"publisher\":{\"@id\":\"https:\/\/aquarium-fish-plants.com\/#organization\"},\"potentialAction\":[{\"@type\":\"SearchAction\",\"target\":{\"@type\":\"EntryPoint\",\"urlTemplate\":\"https:\/\/aquarium-fish-plants.com\/?s={search_term_string}\"},\"query-input\":{\"@type\":\"PropertyValueSpecification\",\"valueRequired\":true,\"valueName\":\"search_term_string\"}}],\"inLanguage\":\"pl-PL\"},{\"@type\":\"Organization\",\"@id\":\"https:\/\/aquarium-fish-plants.com\/#organization\",\"name\":\"Aquarium-Fish-Plants.com\",\"url\":\"https:\/\/aquarium-fish-plants.com\/\",\"logo\":{\"@type\":\"ImageObject\",\"inLanguage\":\"pl-PL\",\"@id\":\"https:\/\/aquarium-fish-plants.com\/#\/schema\/logo\/image\/\",\"url\":\"https:\/\/aquarium-fish-plants.com\/wp-content\/uploads\/2018\/05\/cropped-logo-aquarium-fish-plants-com.jpg\",\"contentUrl\":\"https:\/\/aquarium-fish-plants.com\/wp-content\/uploads\/2018\/05\/cropped-logo-aquarium-fish-plants-com.jpg\",\"width\":1000,\"height\":680,\"caption\":\"Aquarium-Fish-Plants.com\"},\"image\":{\"@id\":\"https:\/\/aquarium-fish-plants.com\/#\/schema\/logo\/image\/\"}}]}<\/script>\n<!-- \/ Yoast SEO plugin. -->","yoast_head_json":{"title":"Privacy Policy - Aquarium-Fish-Plants.com","robots":{"index":"index","follow":"follow","max-snippet":"max-snippet:-1","max-image-preview":"max-image-preview:large","max-video-preview":"max-video-preview:-1"},"canonical":"https:\/\/aquarium-fish-plants.com\/pl\/privacy-policy\/","og_locale":"pl_PL","og_type":"article","og_title":"Privacy Policy - Aquarium-Fish-Plants.com","og_description":"Privacy Policy Effective date: November 05, 2018 Aquarium: Fish and Plants (&#8220;us&#8221;, &#8220;we&#8221;, or &#8220;our&#8221;) operates the https:\/\/aquarium-fish-plants.com\/ website (the &#8220;Service&#8221;). This page informs you of our policies regarding the collection, use, and disclosure of personal data when you use","og_url":"https:\/\/aquarium-fish-plants.com\/pl\/privacy-policy\/","og_site_name":"Aquarium-Fish-Plants.com","article_modified_time":"2022-04-02T14:11:41+00:00","twitter_card":"summary_large_image","twitter_misc":{"Szacowany czas czytania":"7 minut"},"schema":{"@context":"https:\/\/schema.org","@graph":[{"@type":"WebPage","@id":"https:\/\/aquarium-fish-plants.com\/privacy-policy","url":"https:\/\/aquarium-fish-plants.com\/privacy-policy","name":"Privacy Policy - Aquarium-Fish-Plants.com","isPartOf":{"@id":"https:\/\/aquarium-fish-plants.com\/#website"},"datePublished":"2017-11-27T19:57:40+00:00","dateModified":"2022-04-02T14:11:41+00:00","breadcrumb":{"@id":"https:\/\/aquarium-fish-plants.com\/privacy-policy#breadcrumb"},"inLanguage":"pl-PL","potentialAction":[{"@type":"ReadAction","target":["https:\/\/aquarium-fish-plants.com\/privacy-policy"]}]},{"@type":"BreadcrumbList","@id":"https:\/\/aquarium-fish-plants.com\/privacy-policy#breadcrumb","itemListElement":[{"@type":"ListItem","position":1,"name":"Startseite","item":"https:\/\/aquarium-fish-plants.com\/"},{"@type":"ListItem","position":2,"name":"Privacy Policy"}]},{"@type":"WebSite","@id":"https:\/\/aquarium-fish-plants.com\/#website","url":"https:\/\/aquarium-fish-plants.com\/","name":"Aquarium-Fish-Plants.com","description":"Your online fishkeeping guide!","publisher":{"@id":"https:\/\/aquarium-fish-plants.com\/#organization"},"potentialAction":[{"@type":"SearchAction","target":{"@type":"EntryPoint","urlTemplate":"https:\/\/aquarium-fish-plants.com\/?s={search_term_string}"},"query-input":{"@type":"PropertyValueSpecification","valueRequired":true,"valueName":"search_term_string"}}],"inLanguage":"pl-PL"},{"@type":"Organization","@id":"https:\/\/aquarium-fish-plants.com\/#organization","name":"Aquarium-Fish-Plants.com","url":"https:\/\/aquarium-fish-plants.com\/","logo":{"@type":"ImageObject","inLanguage":"pl-PL","@id":"https:\/\/aquarium-fish-plants.com\/#\/schema\/logo\/image\/","url":"https:\/\/aquarium-fish-plants.com\/wp-content\/uploads\/2018\/05\/cropped-logo-aquarium-fish-plants-com.jpg","contentUrl":"https:\/\/aquarium-fish-plants.com\/wp-content\/uploads\/2018\/05\/cropped-logo-aquarium-fish-plants-com.jpg","width":1000,"height":680,"caption":"Aquarium-Fish-Plants.com"},"image":{"@id":"https:\/\/aquarium-fish-plants.com\/#\/schema\/logo\/image\/"}}]}},"_links":{"self":[{"href":"https:\/\/aquarium-fish-plants.com\/pl\/wp-json\/wp\/v2\/pages\/326","targetHints":{"allow":["GET"]}}],"collection":[{"href":"https:\/\/aquarium-fish-plants.com\/pl\/wp-json\/wp\/v2\/pages"}],"about":[{"href":"https:\/\/aquarium-fish-plants.com\/pl\/wp-json\/wp\/v2\/types\/page"}],"author":[{"embeddable":true,"href":"https:\/\/aquarium-fish-plants.com\/pl\/wp-json\/wp\/v2\/users\/1"}],"replies":[{"embeddable":true,"href":"https:\/\/aquarium-fish-plants.com\/pl\/wp-json\/wp\/v2\/comments?post=326"}],"version-history":[{"count":4,"href":"https:\/\/aquarium-fish-plants.com\/pl\/wp-json\/wp\/v2\/pages\/326\/revisions"}],"predecessor-version":[{"id":1734,"href":"https:\/\/aquarium-fish-plants.com\/pl\/wp-json\/wp\/v2\/pages\/326\/revisions\/1734"}],"wp:attachment":[{"href":"https:\/\/aquarium-fish-plants.com\/pl\/wp-json\/wp\/v2\/media?parent=326"}],"curies":[{"name":"wp","href":"https:\/\/api.w.org\/{rel}","templated":true}]}}