{"id":326,"date":"2017-11-27T19:57:40","date_gmt":"2017-11-27T19:57:40","guid":{"rendered":"https:\/\/aquarium-fish-plants.com\/?page_id=326"},"modified":"2022-04-02T14:11:41","modified_gmt":"2022-04-02T14:11:41","slug":"privacy-policy","status":"publish","type":"page","link":"https:\/\/aquarium-fish-plants.com\/fr\/privacy-policy","title":{"rendered":"Politique de confidentialit\u00e9"},"content":{"rendered":"<h1>Politique de confidentialit\u00e9<\/h1>\n<p>Date d&#039;entr\u00e9e en vigueur: 05 novembre 2018<\/p>\n<p>Aquarium: Fish and Plants (\u00abnous\u00bb, \u00abnous\u00bb ou \u00abnos\u00bb) exploite le site Web https:\/\/aquarium-fish-plants.com\/ (le \u00abservice\u00bb).<\/p>\n<p>Cette page vous informe de nos politiques concernant la collecte, l&#039;utilisation et la divulgation de donn\u00e9es personnelles lorsque vous utilisez notre service et les choix que vous avez associ\u00e9s \u00e0 ces donn\u00e9es. Notre politique de confidentialit\u00e9 pour Aquarium: poissons et plantes est g\u00e9r\u00e9e par <a href=\"https:\/\/www.freeprivacypolicy.com\/free-privacy-policy-generator.php\">Politique de confidentialit\u00e9 gratuite<\/a>.<\/p>\n<p>Nous utilisons vos donn\u00e9es pour fournir et am\u00e9liorer le Service. En utilisant le Service, vous acceptez la collecte et l&#039;utilisation d&#039;informations conform\u00e9ment \u00e0 cette politique. Sauf indication contraire dans cette politique de confidentialit\u00e9, les termes utilis\u00e9s dans cette politique de confidentialit\u00e9 ont la m\u00eame signification que dans nos conditions g\u00e9n\u00e9rales, accessibles \u00e0 partir de https:\/\/aquarium-fish-plants.com\/<\/p>\n<h2>Collecte et utilisation des informations<\/h2>\n<p>Nous collectons diff\u00e9rents types d&#039;informations \u00e0 diff\u00e9rentes fins pour vous fournir et am\u00e9liorer notre service.<\/p>\n<h3>Types de donn\u00e9es collect\u00e9es<\/h3>\n<h4>Donn\u00e9es personnelles<\/h4>\n<p>Lors de l&#039;utilisation de notre Service, nous pouvons vous demander de nous fournir certaines informations personnellement identifiables qui peuvent \u00eatre utilis\u00e9es pour vous contacter ou vous identifier (\u00abDonn\u00e9es personnelles\u00bb). Les informations personnelles identifiables peuvent inclure, mais sans s&#039;y limiter:<\/p>\n<ul>\n<li>Cookies et donn\u00e9es d&#039;utilisation<\/li>\n<\/ul>\n<h4>Donn\u00e9es d&#039;utilisation<\/h4>\n<p>Nous pouvons \u00e9galement collecter des informations sur l&#039;acc\u00e8s et l&#039;utilisation du Service (\u00abDonn\u00e9es d&#039;utilisation\u00bb). Ces donn\u00e9es d&#039;utilisation peuvent inclure des informations telles que l&#039;adresse de protocole Internet de votre ordinateur (par exemple l&#039;adresse IP), le type de navigateur, la version du navigateur, les pages de notre service que vous visitez, l&#039;heure et la date de votre visite, le temps pass\u00e9 sur ces pages, unique identificateurs d&#039;appareil et autres donn\u00e9es de diagnostic.<\/p>\n<h4>Donn\u00e9es de suivi et de cookies<\/h4>\n<p>Nous utilisons des cookies et des technologies de suivi similaires pour suivre l&#039;activit\u00e9 de notre Service et conserver certaines informations.<\/p>\n<p>Les cookies sont des fichiers contenant une petite quantit\u00e9 de donn\u00e9es qui peuvent inclure un identifiant unique anonyme. Les cookies sont envoy\u00e9s \u00e0 votre navigateur \u00e0 partir d&#039;un site Web et stock\u00e9s sur votre appareil. Les technologies de suivi \u00e9galement utilis\u00e9es sont des balises, des balises et des scripts pour collecter et suivre des informations et pour am\u00e9liorer et analyser notre service.<\/p>\n<p>Vous pouvez demander \u00e0 votre navigateur de refuser tous les cookies ou d&#039;indiquer quand un cookie est envoy\u00e9. Cependant, si vous n&#039;acceptez pas les cookies, vous ne pourrez peut-\u00eatre pas utiliser certaines parties de notre service.<\/p>\n<p>Exemples de cookies que nous utilisons:<\/p>\n<ul>\n<li><strong>Cookies de session.<\/strong> Nous utilisons des cookies de session pour faire fonctionner notre service.<\/li>\n<li><strong>Cookies de pr\u00e9f\u00e9rence.<\/strong> Nous utilisons des cookies de pr\u00e9f\u00e9rence pour m\u00e9moriser vos pr\u00e9f\u00e9rences et divers param\u00e8tres.<\/li>\n<li><strong>Cookies de s\u00e9curit\u00e9.<\/strong> Nous utilisons des cookies de s\u00e9curit\u00e9 \u00e0 des fins de s\u00e9curit\u00e9.<\/li>\n<\/ul>\n<h2>Utilisation des donn\u00e9es<\/h2>\n<p>Aquarium: Fish and Plants utilise les donn\u00e9es collect\u00e9es \u00e0 diff\u00e9rentes fins:<\/p>\n<ul>\n<li>Pour fournir et maintenir le service<\/li>\n<li>Pour vous avertir des changements de notre service<\/li>\n<li>Pour vous permettre de participer aux fonctionnalit\u00e9s interactives de notre service lorsque vous le souhaitez<\/li>\n<li>Pour fournir une assistance et un support client<\/li>\n<li>Pour fournir une analyse ou des informations pr\u00e9cieuses afin que nous puissions am\u00e9liorer le service<\/li>\n<li>Pour surveiller l&#039;utilisation du Service<\/li>\n<li>Pour d\u00e9tecter, pr\u00e9venir et r\u00e9soudre les probl\u00e8mes techniques<\/li>\n<\/ul>\n<h2>Use of Google AdSense<\/h2>\n<p>This website uses Google AdSense. This is a service of Google Inc, 1600 Amphitheatre Parkway, Mountain View, CA 94043, USA, for the integration of advertisements. Google AdSense uses cookies. These are files that Google stores on your PC to analyze the data of your use of our website. In addition, Google AdSense also uses web beacons, which are invisible graphics that enable Google to analyze clicks on this website, traffic on this website and similar information. More information can be found on Google&#8217;s privacy web page.<\/p>\n<p>The information obtained via cookies and web beacons, your IP address and the delivery of advertising formats are transmitted to a Google server located in the USA and stored there. Google may pass on this collected information to third parties if this is required by law or if Google instructs third parties to process the data. However, Google will merge your IP address with the other stored data. You can find more information on <a href=\"https:\/\/policies.google.com\/technologies\/partner-sites\">Google&#8217;s privacy website<\/a>.<\/p>\n<p>By making the appropriate settings on your Internet browser, you can prevent the aforementioned cookies from being stored on your PC. However, this may mean that the contents of this website can no longer be used to the same extent. By using this website, you consent to the processing of data about you by Google in the manner and for the purposes set out above.<\/p>\n<h2>Transfert de donn\u00e9es<\/h2>\n<p>Vos informations, y compris vos donn\u00e9es personnelles, peuvent \u00eatre transf\u00e9r\u00e9es - et conserv\u00e9es sur - des ordinateurs situ\u00e9s en dehors de votre \u00e9tat, province, pays ou autre juridiction gouvernementale o\u00f9 les lois sur la protection des donn\u00e9es peuvent diff\u00e9rer de celles de votre juridiction.<\/p>\n<p>Si vous vous trouvez en dehors de l&#039;Allemagne et choisissez de nous fournir des informations, veuillez noter que nous transf\u00e9rons les donn\u00e9es, y compris les donn\u00e9es personnelles, en Allemagne et les traitons l\u00e0-bas.<\/p>\n<p>Votre consentement \u00e0 cette politique de confidentialit\u00e9 suivi de votre soumission de telles informations repr\u00e9sente votre accord pour ce transfert.<\/p>\n<p>Aquarium: Fish and Plants prendra toutes les mesures raisonnablement n\u00e9cessaires pour garantir que vos donn\u00e9es sont trait\u00e9es en toute s\u00e9curit\u00e9 et conform\u00e9ment \u00e0 la pr\u00e9sente politique de confidentialit\u00e9 et aucun transfert de vos donn\u00e9es personnelles n&#039;aura lieu vers une organisation ou un pays \u00e0 moins qu&#039;il y ait des contr\u00f4les ad\u00e9quats en place, y compris la s\u00e9curit\u00e9 de vos donn\u00e9es et autres informations personnelles.<\/p>\n<h2>Divulgation de donn\u00e9es<\/h2>\n<h3>Exigences l\u00e9gales<\/h3>\n<p>Aquarium: Fish and Plants peut divulguer vos donn\u00e9es personnelles en croyant de bonne foi qu&#039;une telle action est n\u00e9cessaire pour:<\/p>\n<ul>\n<li>Pour se conformer \u00e0 une obligation l\u00e9gale<\/li>\n<li>Pour prot\u00e9ger et d\u00e9fendre les droits ou la propri\u00e9t\u00e9 d&#039;Aquarium: poissons et plantes<\/li>\n<li>Pour emp\u00eacher ou enqu\u00eater sur d&#039;\u00e9ventuels actes r\u00e9pr\u00e9hensibles li\u00e9s au Service<\/li>\n<li>Pour prot\u00e9ger la s\u00e9curit\u00e9 personnelle des utilisateurs du Service ou du public<\/li>\n<li>Pour se prot\u00e9ger contre la responsabilit\u00e9 l\u00e9gale<\/li>\n<\/ul>\n<h2>S\u00e9curit\u00e9 des donn\u00e9es<\/h2>\n<p>La s\u00e9curit\u00e9 de vos donn\u00e9es est importante pour nous, mais n&#039;oubliez pas qu&#039;aucune m\u00e9thode de transmission sur Internet ou m\u00e9thode de stockage \u00e9lectronique n&#039;est s\u00e9curis\u00e9e par 100%. Bien que nous nous efforcions d&#039;utiliser des moyens commercialement acceptables pour prot\u00e9ger vos donn\u00e9es personnelles, nous ne pouvons pas garantir leur s\u00e9curit\u00e9 absolue.<\/p>\n<h2>Les fournisseurs de services<\/h2>\n<p>Nous pouvons employer des soci\u00e9t\u00e9s et des individus tiers pour faciliter notre service (\u00abfournisseurs de services\u00bb), pour fournir le service en notre nom, pour ex\u00e9cuter des services li\u00e9s au service ou pour nous aider \u00e0 analyser la fa\u00e7on dont notre service est utilis\u00e9.<\/p>\n<p>Ces tiers ont acc\u00e8s \u00e0 vos donn\u00e9es personnelles uniquement pour effectuer ces t\u00e2ches en notre nom et sont tenus de ne pas les divulguer ou de les utiliser \u00e0 d&#039;autres fins.<\/p>\n<h3>Analytique<\/h3>\n<p>Nous pouvons utiliser des fournisseurs de services tiers pour surveiller et analyser l&#039;utilisation de notre service.<\/p>\n<ul>\n<li><strong>Google Analytics<\/strong>Google Analytics is a web analytics service offered by Google that tracks and reports website traffic. Google uses the data collected to track and monitor the use of our Service. This data is shared with other Google services. Google may use the collected data to contextualize and personalize the ads of its own advertising network.You can opt-out of having made your activity on the Service available to Google Analytics by installing the Google Analytics opt-out browser add-on. The add-on prevents the Google Analytics JavaScript (ga.js, analytics.js, and dc.js) from sharing information with Google Analytics about visits activity.For more information on the privacy practices of Google, please visit the Google Privacy &amp; Terms web page: <a href=\"https:\/\/policies.google.com\/privacy?hl=en\">https:\/\/policies.google.com\/privacy?hl=en<\/a><\/li>\n<\/ul>\n<h2>Liens vers d&#039;autres sites<\/h2>\n<p>Notre service peut contenir des liens vers d&#039;autres sites qui ne sont pas exploit\u00e9s par nous. Si vous cliquez sur un lien tiers, vous serez dirig\u00e9 vers le site de ce tiers. Nous vous conseillons fortement de consulter la politique de confidentialit\u00e9 de chaque site que vous visitez.<\/p>\n<p>Nous n&#039;avons aucun contr\u00f4le sur et n&#039;assumons aucune responsabilit\u00e9 pour le contenu, les politiques de confidentialit\u00e9 ou les pratiques de tout site ou service tiers.<\/p>\n<h2>Confidentialit\u00e9 des enfants<\/h2>\n<p>Notre Service ne s&#039;adresse \u00e0 aucune personne de moins de 18 ans (\u00abEnfants\u00bb).<\/p>\n<p>Nous ne collectons pas sciemment d&#039;informations personnelles identifiables aupr\u00e8s de personnes de moins de 18 ans. Si vous \u00eates un parent ou un tuteur et que vous savez que vos enfants nous ont fourni des donn\u00e9es personnelles, veuillez nous contacter. Si nous apprenons que nous avons collect\u00e9 des donn\u00e9es personnelles d&#039;enfants sans v\u00e9rification du consentement parental, nous prenons des mesures pour supprimer ces informations de nos serveurs.<\/p>\n<h2>Modifications de cette politique de confidentialit\u00e9<\/h2>\n<p>Nous pouvons mettre \u00e0 jour notre politique de confidentialit\u00e9 de temps en temps. Nous vous informerons de tout changement en publiant la nouvelle politique de confidentialit\u00e9 sur cette page.<\/p>\n<p>Nous vous informerons par e-mail et \/ ou par un avis bien visible sur notre Service, avant que le changement ne prenne effet et nous mettrons \u00e0 jour la \u00abdate d&#039;entr\u00e9e en vigueur\u00bb en haut de la pr\u00e9sente Politique de confidentialit\u00e9.<\/p>\n<p>Nous vous conseillons de consulter r\u00e9guli\u00e8rement cette politique de confidentialit\u00e9 pour tout changement. Les modifications apport\u00e9es \u00e0 cette politique de confidentialit\u00e9 sont effectives lorsqu&#039;elles sont publi\u00e9es sur cette page.<\/p>\n<h2>Nous contacter<\/h2>\n<p>Si vous avez des questions sur cette politique de confidentialit\u00e9, veuillez nous contacter:<\/p>\n<ul>\n<li>Par email: max.luppert@hotmail.de<\/li>\n<\/ul>\n<p style=\"color: white;\">Du wolltest schon immer wissen, wie du wirksam <a style=\"color: white;\" href=\"https:\/\/aquarium-fische-pflanzen.de\/erbsenkugelfische-im-aquarium-alles-ueber-zwergkugelfische\">Erbsenkugelfische \/ Zwergkugelfische im Aquarium halten <\/a>kannst?<\/p>","protected":false},"excerpt":{"rendered":"<p>Politique de confidentialit\u00e9 Date d&#039;entr\u00e9e en vigueur: 5 novembre 2018 Aquarium: Fish and Plants (\u00abnous\u00bb, \u00abnous\u00bb ou \u00abnotre\u00bb) exploite le site Web https:\/\/aquarium-fish-plants.com\/ (le \u00abService\u00bb). Cette page vous informe de nos politiques concernant la collecte, l&#039;utilisation et la divulgation des donn\u00e9es personnelles lorsque vous utilisez<\/p>","protected":false},"author":1,"featured_media":0,"parent":0,"menu_order":0,"comment_status":"closed","ping_status":"closed","template":"","meta":{"footnotes":""},"class_list":["post-326","page","type-page","status-publish","hentry"],"yoast_head":"<!-- This site is optimized with the Yoast SEO plugin v24.6 - https:\/\/yoast.com\/wordpress\/plugins\/seo\/ -->\n<title>Privacy Policy - Aquarium-Fish-Plants.com<\/title>\n<meta name=\"robots\" content=\"index, follow, max-snippet:-1, max-image-preview:large, max-video-preview:-1\" \/>\n<link rel=\"canonical\" href=\"https:\/\/aquarium-fish-plants.com\/fr\/privacy-policy\/\" \/>\n<meta property=\"og:locale\" content=\"fr_FR\" \/>\n<meta property=\"og:type\" content=\"article\" \/>\n<meta property=\"og:title\" content=\"Privacy Policy - Aquarium-Fish-Plants.com\" \/>\n<meta property=\"og:description\" content=\"Privacy Policy Effective date: November 05, 2018 Aquarium: Fish and Plants (&#8220;us&#8221;, &#8220;we&#8221;, or &#8220;our&#8221;) operates the https:\/\/aquarium-fish-plants.com\/ website (the &#8220;Service&#8221;). This page informs you of our policies regarding the collection, use, and disclosure of personal data when you use\" \/>\n<meta property=\"og:url\" content=\"https:\/\/aquarium-fish-plants.com\/fr\/privacy-policy\/\" \/>\n<meta property=\"og:site_name\" content=\"Aquarium-Fish-Plants.com\" \/>\n<meta property=\"article:modified_time\" content=\"2022-04-02T14:11:41+00:00\" \/>\n<meta name=\"twitter:card\" content=\"summary_large_image\" \/>\n<meta name=\"twitter:label1\" content=\"Dur\u00e9e de lecture estim\u00e9e\" \/>\n\t<meta name=\"twitter:data1\" content=\"7 minutes\" \/>\n<script type=\"application\/ld+json\" class=\"yoast-schema-graph\">{\"@context\":\"https:\/\/schema.org\",\"@graph\":[{\"@type\":\"WebPage\",\"@id\":\"https:\/\/aquarium-fish-plants.com\/privacy-policy\",\"url\":\"https:\/\/aquarium-fish-plants.com\/privacy-policy\",\"name\":\"Privacy Policy - Aquarium-Fish-Plants.com\",\"isPartOf\":{\"@id\":\"https:\/\/aquarium-fish-plants.com\/#website\"},\"datePublished\":\"2017-11-27T19:57:40+00:00\",\"dateModified\":\"2022-04-02T14:11:41+00:00\",\"breadcrumb\":{\"@id\":\"https:\/\/aquarium-fish-plants.com\/privacy-policy#breadcrumb\"},\"inLanguage\":\"fr-FR\",\"potentialAction\":[{\"@type\":\"ReadAction\",\"target\":[\"https:\/\/aquarium-fish-plants.com\/privacy-policy\"]}]},{\"@type\":\"BreadcrumbList\",\"@id\":\"https:\/\/aquarium-fish-plants.com\/privacy-policy#breadcrumb\",\"itemListElement\":[{\"@type\":\"ListItem\",\"position\":1,\"name\":\"Startseite\",\"item\":\"https:\/\/aquarium-fish-plants.com\/\"},{\"@type\":\"ListItem\",\"position\":2,\"name\":\"Privacy Policy\"}]},{\"@type\":\"WebSite\",\"@id\":\"https:\/\/aquarium-fish-plants.com\/#website\",\"url\":\"https:\/\/aquarium-fish-plants.com\/\",\"name\":\"Aquarium-Fish-Plants.com\",\"description\":\"Your online fishkeeping guide!\",\"publisher\":{\"@id\":\"https:\/\/aquarium-fish-plants.com\/#organization\"},\"potentialAction\":[{\"@type\":\"SearchAction\",\"target\":{\"@type\":\"EntryPoint\",\"urlTemplate\":\"https:\/\/aquarium-fish-plants.com\/?s={search_term_string}\"},\"query-input\":{\"@type\":\"PropertyValueSpecification\",\"valueRequired\":true,\"valueName\":\"search_term_string\"}}],\"inLanguage\":\"fr-FR\"},{\"@type\":\"Organization\",\"@id\":\"https:\/\/aquarium-fish-plants.com\/#organization\",\"name\":\"Aquarium-Fish-Plants.com\",\"url\":\"https:\/\/aquarium-fish-plants.com\/\",\"logo\":{\"@type\":\"ImageObject\",\"inLanguage\":\"fr-FR\",\"@id\":\"https:\/\/aquarium-fish-plants.com\/#\/schema\/logo\/image\/\",\"url\":\"https:\/\/aquarium-fish-plants.com\/wp-content\/uploads\/2018\/05\/cropped-logo-aquarium-fish-plants-com.jpg\",\"contentUrl\":\"https:\/\/aquarium-fish-plants.com\/wp-content\/uploads\/2018\/05\/cropped-logo-aquarium-fish-plants-com.jpg\",\"width\":1000,\"height\":680,\"caption\":\"Aquarium-Fish-Plants.com\"},\"image\":{\"@id\":\"https:\/\/aquarium-fish-plants.com\/#\/schema\/logo\/image\/\"}}]}<\/script>\n<!-- \/ Yoast SEO plugin. -->","yoast_head_json":{"title":"Privacy Policy - Aquarium-Fish-Plants.com","robots":{"index":"index","follow":"follow","max-snippet":"max-snippet:-1","max-image-preview":"max-image-preview:large","max-video-preview":"max-video-preview:-1"},"canonical":"https:\/\/aquarium-fish-plants.com\/fr\/privacy-policy\/","og_locale":"fr_FR","og_type":"article","og_title":"Privacy Policy - Aquarium-Fish-Plants.com","og_description":"Privacy Policy Effective date: November 05, 2018 Aquarium: Fish and Plants (&#8220;us&#8221;, &#8220;we&#8221;, or &#8220;our&#8221;) operates the https:\/\/aquarium-fish-plants.com\/ website (the &#8220;Service&#8221;). This page informs you of our policies regarding the collection, use, and disclosure of personal data when you use","og_url":"https:\/\/aquarium-fish-plants.com\/fr\/privacy-policy\/","og_site_name":"Aquarium-Fish-Plants.com","article_modified_time":"2022-04-02T14:11:41+00:00","twitter_card":"summary_large_image","twitter_misc":{"Dur\u00e9e de lecture estim\u00e9e":"7 minutes"},"schema":{"@context":"https:\/\/schema.org","@graph":[{"@type":"WebPage","@id":"https:\/\/aquarium-fish-plants.com\/privacy-policy","url":"https:\/\/aquarium-fish-plants.com\/privacy-policy","name":"Privacy Policy - Aquarium-Fish-Plants.com","isPartOf":{"@id":"https:\/\/aquarium-fish-plants.com\/#website"},"datePublished":"2017-11-27T19:57:40+00:00","dateModified":"2022-04-02T14:11:41+00:00","breadcrumb":{"@id":"https:\/\/aquarium-fish-plants.com\/privacy-policy#breadcrumb"},"inLanguage":"fr-FR","potentialAction":[{"@type":"ReadAction","target":["https:\/\/aquarium-fish-plants.com\/privacy-policy"]}]},{"@type":"BreadcrumbList","@id":"https:\/\/aquarium-fish-plants.com\/privacy-policy#breadcrumb","itemListElement":[{"@type":"ListItem","position":1,"name":"Startseite","item":"https:\/\/aquarium-fish-plants.com\/"},{"@type":"ListItem","position":2,"name":"Privacy Policy"}]},{"@type":"WebSite","@id":"https:\/\/aquarium-fish-plants.com\/#website","url":"https:\/\/aquarium-fish-plants.com\/","name":"Aquarium-Fish-Plants.com","description":"Your online fishkeeping guide!","publisher":{"@id":"https:\/\/aquarium-fish-plants.com\/#organization"},"potentialAction":[{"@type":"SearchAction","target":{"@type":"EntryPoint","urlTemplate":"https:\/\/aquarium-fish-plants.com\/?s={search_term_string}"},"query-input":{"@type":"PropertyValueSpecification","valueRequired":true,"valueName":"search_term_string"}}],"inLanguage":"fr-FR"},{"@type":"Organization","@id":"https:\/\/aquarium-fish-plants.com\/#organization","name":"Aquarium-Fish-Plants.com","url":"https:\/\/aquarium-fish-plants.com\/","logo":{"@type":"ImageObject","inLanguage":"fr-FR","@id":"https:\/\/aquarium-fish-plants.com\/#\/schema\/logo\/image\/","url":"https:\/\/aquarium-fish-plants.com\/wp-content\/uploads\/2018\/05\/cropped-logo-aquarium-fish-plants-com.jpg","contentUrl":"https:\/\/aquarium-fish-plants.com\/wp-content\/uploads\/2018\/05\/cropped-logo-aquarium-fish-plants-com.jpg","width":1000,"height":680,"caption":"Aquarium-Fish-Plants.com"},"image":{"@id":"https:\/\/aquarium-fish-plants.com\/#\/schema\/logo\/image\/"}}]}},"_links":{"self":[{"href":"https:\/\/aquarium-fish-plants.com\/fr\/wp-json\/wp\/v2\/pages\/326","targetHints":{"allow":["GET"]}}],"collection":[{"href":"https:\/\/aquarium-fish-plants.com\/fr\/wp-json\/wp\/v2\/pages"}],"about":[{"href":"https:\/\/aquarium-fish-plants.com\/fr\/wp-json\/wp\/v2\/types\/page"}],"author":[{"embeddable":true,"href":"https:\/\/aquarium-fish-plants.com\/fr\/wp-json\/wp\/v2\/users\/1"}],"replies":[{"embeddable":true,"href":"https:\/\/aquarium-fish-plants.com\/fr\/wp-json\/wp\/v2\/comments?post=326"}],"version-history":[{"count":4,"href":"https:\/\/aquarium-fish-plants.com\/fr\/wp-json\/wp\/v2\/pages\/326\/revisions"}],"predecessor-version":[{"id":1734,"href":"https:\/\/aquarium-fish-plants.com\/fr\/wp-json\/wp\/v2\/pages\/326\/revisions\/1734"}],"wp:attachment":[{"href":"https:\/\/aquarium-fish-plants.com\/fr\/wp-json\/wp\/v2\/media?parent=326"}],"curies":[{"name":"wp","href":"https:\/\/api.w.org\/{rel}","templated":true}]}}