{"id":326,"date":"2017-11-27T19:57:40","date_gmt":"2017-11-27T19:57:40","guid":{"rendered":"https:\/\/aquarium-fish-plants.com\/?page_id=326"},"modified":"2022-04-02T14:11:41","modified_gmt":"2022-04-02T14:11:41","slug":"privacy-policy","status":"publish","type":"page","link":"https:\/\/aquarium-fish-plants.com\/es\/privacy-policy","title":{"rendered":"Pol\u00edtica de privacidad"},"content":{"rendered":"<h1>Pol\u00edtica de privacidad<\/h1>\n<p>Fecha de vigencia: 05 de noviembre de 2018<\/p>\n<p>Acuario: peces y plantas (&quot;nosotros&quot;, &quot;nosotros&quot; o &quot;nuestro&quot;) opera el sitio web https:\/\/aquarium-fish-plants.com\/ (el &quot;Servicio&quot;).<\/p>\n<p>Esta p\u00e1gina le informa sobre nuestras pol\u00edticas con respecto a la recopilaci\u00f3n, uso y divulgaci\u00f3n de datos personales cuando utiliza nuestro Servicio y las opciones que ha asociado con esos datos. Nuestra pol\u00edtica de privacidad para acuarios: peces y plantas se gestiona a trav\u00e9s de <a href=\"https:\/\/www.freeprivacypolicy.com\/free-privacy-policy-generator.php\">Pol\u00edtica de privacidad gratis<\/a>.<\/p>\n<p>Utilizamos sus datos para proporcionar y mejorar el Servicio. Al usar el Servicio, usted acepta la recopilaci\u00f3n y el uso de informaci\u00f3n de acuerdo con esta pol\u00edtica. A menos que se defina lo contrario en esta Pol\u00edtica de privacidad, los t\u00e9rminos utilizados en esta Pol\u00edtica de privacidad tienen el mismo significado que en nuestros T\u00e9rminos y condiciones, accesibles desde https:\/\/aquarium-fish-plants.com\/<\/p>\n<h2>Recolecci\u00f3n de informaci\u00f3n y uso<\/h2>\n<p>Recopilamos varios tipos diferentes de informaci\u00f3n con diversos fines para proporcionarle y mejorar nuestro Servicio.<\/p>\n<h3>Tipos de datos recopilados<\/h3>\n<h4>Informaci\u00f3n personal<\/h4>\n<p>Al usar nuestro Servicio, podemos pedirle que nos proporcione cierta informaci\u00f3n de identificaci\u00f3n personal que se puede utilizar para contactarlo o identificarlo (\u201cDatos personales\u201d). La informaci\u00f3n de identificaci\u00f3n personal puede incluir, entre otros:<\/p>\n<ul>\n<li>Cookies y datos de uso<\/li>\n<\/ul>\n<h4>Datos de uso<\/h4>\n<p>Tambi\u00e9n podemos recopilar informaci\u00f3n sobre c\u00f3mo se accede y utiliza el Servicio (&quot;Datos de uso&quot;). Estos Datos de uso pueden incluir informaci\u00f3n como la direcci\u00f3n del Protocolo de Internet de su computadora (por ejemplo, direcci\u00f3n IP), el tipo de navegador, la versi\u00f3n del navegador, las p\u00e1ginas de nuestro Servicio que visita, la hora y la fecha de su visita, el tiempo dedicado a esas p\u00e1ginas, \u00fanico identificadores de dispositivo y otros datos de diagn\u00f3stico.<\/p>\n<h4>Seguimiento y datos de cookies<\/h4>\n<p>Utilizamos cookies y tecnolog\u00edas de seguimiento similares para rastrear la actividad en nuestro Servicio y mantener cierta informaci\u00f3n.<\/p>\n<p>Las cookies son archivos con una peque\u00f1a cantidad de datos que pueden incluir un identificador \u00fanico an\u00f3nimo. Las cookies se env\u00edan a su navegador desde un sitio web y se almacenan en su dispositivo. Las tecnolog\u00edas de seguimiento tambi\u00e9n utilizadas son balizas, etiquetas y scripts para recopilar y rastrear informaci\u00f3n y para mejorar y analizar nuestro Servicio.<\/p>\n<p>Puede indicar a su navegador que rechace todas las cookies o que indique cu\u00e1ndo se env\u00eda una cookie. Sin embargo, si no acepta las cookies, es posible que no pueda usar algunas partes de nuestro Servicio.<\/p>\n<p>Ejemplos de cookies que utilizamos:<\/p>\n<ul>\n<li><strong>Cookies de sesi\u00f3n<\/strong> Utilizamos cookies de sesi\u00f3n para operar nuestro servicio.<\/li>\n<li><strong>Cookies de preferencia.<\/strong> Utilizamos cookies de preferencias para recordar sus preferencias y diversas configuraciones.<\/li>\n<li><strong>Cookies de seguridad<\/strong> Utilizamos cookies de seguridad con fines de seguridad.<\/li>\n<\/ul>\n<h2>Uso de datos<\/h2>\n<p>Acuario: peces y plantas utiliza los datos recopilados para diversos fines:<\/p>\n<ul>\n<li>Para proporcionar y mantener el Servicio<\/li>\n<li>Para notificarle sobre cambios en nuestro Servicio<\/li>\n<li>Para permitirle participar en funciones interactivas de nuestro Servicio cuando elija hacerlo<\/li>\n<li>Para proporcionar atenci\u00f3n al cliente y soporte<\/li>\n<li>Proporcionar an\u00e1lisis o informaci\u00f3n valiosa para que podamos mejorar el Servicio.<\/li>\n<li>Para monitorear el uso del Servicio<\/li>\n<li>Para detectar, prevenir y abordar problemas t\u00e9cnicos<\/li>\n<\/ul>\n<h2>Use of Google AdSense<\/h2>\n<p>This website uses Google AdSense. This is a service of Google Inc, 1600 Amphitheatre Parkway, Mountain View, CA 94043, USA, for the integration of advertisements. Google AdSense uses cookies. These are files that Google stores on your PC to analyze the data of your use of our website. In addition, Google AdSense also uses web beacons, which are invisible graphics that enable Google to analyze clicks on this website, traffic on this website and similar information. More information can be found on Google&#8217;s privacy web page.<\/p>\n<p>The information obtained via cookies and web beacons, your IP address and the delivery of advertising formats are transmitted to a Google server located in the USA and stored there. Google may pass on this collected information to third parties if this is required by law or if Google instructs third parties to process the data. However, Google will merge your IP address with the other stored data. You can find more information on <a href=\"https:\/\/policies.google.com\/technologies\/partner-sites\">Google&#8217;s privacy website<\/a>.<\/p>\n<p>By making the appropriate settings on your Internet browser, you can prevent the aforementioned cookies from being stored on your PC. However, this may mean that the contents of this website can no longer be used to the same extent. By using this website, you consent to the processing of data about you by Google in the manner and for the purposes set out above.<\/p>\n<h2>Transferencia de datos<\/h2>\n<p>Su informaci\u00f3n, incluidos los Datos personales, puede transferirse a computadoras ubicadas fuera de su estado, provincia, pa\u00eds u otra jurisdicci\u00f3n gubernamental, y mantenerse en ellas, donde las leyes de protecci\u00f3n de datos pueden diferir de las de su jurisdicci\u00f3n.<\/p>\n<p>Si se encuentra fuera de Alemania y decide proporcionarnos informaci\u00f3n, tenga en cuenta que transferimos los datos, incluidos los datos personales, a Alemania y los procesamos all\u00ed.<\/p>\n<p>Su consentimiento a esta Pol\u00edtica de privacidad seguido de su env\u00edo de dicha informaci\u00f3n representa su aceptaci\u00f3n de esa transferencia.<\/p>\n<p>Acuario: Fish and Plants tomar\u00e1 todas las medidas razonablemente necesarias para garantizar que sus datos se traten de forma segura y de acuerdo con esta Pol\u00edtica de privacidad y no se realizar\u00e1 ninguna transferencia de sus Datos personales a una organizaci\u00f3n o pa\u00eds, a menos que existan controles adecuados, incluidos la seguridad de sus datos y otra informaci\u00f3n personal.<\/p>\n<h2>Divulgaci\u00f3n de datos<\/h2>\n<h3>Requerimientos legales<\/h3>\n<p>Acuario: Fish and Plants puede divulgar sus Datos personales con la creencia de buena fe de que dicha acci\u00f3n es necesaria para:<\/p>\n<ul>\n<li>Para cumplir con una obligaci\u00f3n legal<\/li>\n<li>Para proteger y defender los derechos o propiedad de Aquarium: Fish and Plants<\/li>\n<li>Para prevenir o investigar posibles irregularidades en relaci\u00f3n con el Servicio<\/li>\n<li>Para proteger la seguridad personal de los usuarios del Servicio o del p\u00fablico.<\/li>\n<li>Para protegerse contra la responsabilidad legal<\/li>\n<\/ul>\n<h2>Seguridad de datos<\/h2>\n<p>La seguridad de sus datos es importante para nosotros, pero recuerde que ning\u00fan m\u00e9todo de transmisi\u00f3n a trav\u00e9s de Internet o m\u00e9todo de almacenamiento electr\u00f3nico es 100% seguro. Si bien nos esforzamos por utilizar medios comercialmente aceptables para proteger sus Datos personales, no podemos garantizar su seguridad absoluta.<\/p>\n<h2>Proveedores de servicio<\/h2>\n<p>Podemos emplear a empresas e individuos de terceros para facilitar nuestro Servicio (&quot;Proveedores de servicios&quot;), para proporcionar el Servicio en nuestro nombre, para realizar servicios relacionados con el Servicio o para ayudarnos a analizar c\u00f3mo se utiliza nuestro Servicio.<\/p>\n<p>Estos terceros tienen acceso a sus Datos personales solo para realizar estas tareas en nuestro nombre y est\u00e1n obligados a no divulgarlos ni usarlos para ning\u00fan otro prop\u00f3sito.<\/p>\n<h3>Anal\u00edtica<\/h3>\n<p>Podemos utilizar proveedores de servicios externos para monitorear y analizar el uso de nuestro servicio.<\/p>\n<ul>\n<li><strong>Google analitico<\/strong>Google Analytics is a web analytics service offered by Google that tracks and reports website traffic. Google uses the data collected to track and monitor the use of our Service. This data is shared with other Google services. Google may use the collected data to contextualize and personalize the ads of its own advertising network.You can opt-out of having made your activity on the Service available to Google Analytics by installing the Google Analytics opt-out browser add-on. The add-on prevents the Google Analytics JavaScript (ga.js, analytics.js, and dc.js) from sharing information with Google Analytics about visits activity.For more information on the privacy practices of Google, please visit the Google Privacy &amp; Terms web page: <a href=\"https:\/\/policies.google.com\/privacy?hl=en\">https:\/\/policies.google.com\/privacy?hl=en<\/a><\/li>\n<\/ul>\n<h2>Enlaces a otros sitios<\/h2>\n<p>Nuestro servicio puede contener enlaces a otros sitios que no son operados por nosotros. Si hace clic en un enlace de un tercero, se lo dirigir\u00e1 al sitio de ese tercero. Le recomendamos encarecidamente que revise la Pol\u00edtica de privacidad de cada sitio que visite.<\/p>\n<p>No tenemos control ni asumimos ninguna responsabilidad por el contenido, las pol\u00edticas de privacidad o las pr\u00e1cticas de sitios o servicios de terceros.<\/p>\n<h2>Privacidad infantil<\/h2>\n<p>Nuestro Servicio no se dirige a menores de 18 a\u00f1os (&quot;Ni\u00f1os&quot;).<\/p>\n<p>No recopilamos a sabiendas informaci\u00f3n de identificaci\u00f3n personal de ninguna persona menor de 18 a\u00f1os. Si usted es un padre o tutor y sabe que sus hijos nos han proporcionado datos personales, cont\u00e1ctenos. Si nos damos cuenta de que hemos recopilado Datos personales de ni\u00f1os sin verificaci\u00f3n del consentimiento de los padres, tomamos medidas para eliminar esa informaci\u00f3n de nuestros servidores.<\/p>\n<h2>Cambios a esta pol\u00edtica de privacidad<\/h2>\n<p>Podemos actualizar nuestra Pol\u00edtica de privacidad de vez en cuando. Le notificaremos cualquier cambio publicando la nueva Pol\u00edtica de privacidad en esta p\u00e1gina.<\/p>\n<p>Le informaremos por correo electr\u00f3nico y \/ o un aviso destacado sobre nuestro Servicio, antes de que el cambio entre en vigencia y actualizaremos la &quot;fecha de vigencia&quot; en la parte superior de esta Pol\u00edtica de privacidad.<\/p>\n<p>Se le recomienda que revise esta Pol\u00edtica de privacidad peri\u00f3dicamente para detectar cualquier cambio. Los cambios a esta Pol\u00edtica de privacidad son efectivos cuando se publican en esta p\u00e1gina.<\/p>\n<h2>Cont\u00e1ctenos<\/h2>\n<p>Si tiene alguna pregunta sobre esta Pol\u00edtica de privacidad, cont\u00e1ctenos:<\/p>\n<ul>\n<li>Por correo electr\u00f3nico: max.luppert@hotmail.de<\/li>\n<\/ul>\n<p style=\"color: white;\">Du wolltest schon immer wissen, wie du wirksam <a style=\"color: white;\" href=\"https:\/\/aquarium-fische-pflanzen.de\/erbsenkugelfische-im-aquarium-alles-ueber-zwergkugelfische\">Erbsenkugelfische \/ Zwergkugelfische im Aquarium halten <\/a>kannst?<\/p>","protected":false},"excerpt":{"rendered":"<p>Pol\u00edtica de privacidad Fecha de vigencia: 05 de noviembre de 2018 Acuario: Fish and Plants (&quot;nosotros&quot;, &quot;nosotros&quot; o &quot;nuestro&quot;) opera el sitio web https:\/\/aquarium-fish-plants.com\/ (el &quot;Servicio&quot;). Esta p\u00e1gina le informa de nuestras pol\u00edticas con respecto a la recopilaci\u00f3n, uso y divulgaci\u00f3n de datos personales cuando utiliza<\/p>","protected":false},"author":1,"featured_media":0,"parent":0,"menu_order":0,"comment_status":"closed","ping_status":"closed","template":"","meta":{"footnotes":""},"class_list":["post-326","page","type-page","status-publish","hentry"],"yoast_head":"<!-- This site is optimized with the Yoast SEO plugin v24.6 - https:\/\/yoast.com\/wordpress\/plugins\/seo\/ -->\n<title>Privacy Policy - Aquarium-Fish-Plants.com<\/title>\n<meta name=\"robots\" content=\"index, follow, max-snippet:-1, max-image-preview:large, max-video-preview:-1\" \/>\n<link rel=\"canonical\" href=\"https:\/\/aquarium-fish-plants.com\/es\/privacy-policy\/\" \/>\n<meta property=\"og:locale\" content=\"es_ES\" \/>\n<meta property=\"og:type\" content=\"article\" \/>\n<meta property=\"og:title\" content=\"Privacy Policy - Aquarium-Fish-Plants.com\" \/>\n<meta property=\"og:description\" content=\"Privacy Policy Effective date: November 05, 2018 Aquarium: Fish and Plants (&#8220;us&#8221;, &#8220;we&#8221;, or &#8220;our&#8221;) operates the https:\/\/aquarium-fish-plants.com\/ website (the &#8220;Service&#8221;). This page informs you of our policies regarding the collection, use, and disclosure of personal data when you use\" \/>\n<meta property=\"og:url\" content=\"https:\/\/aquarium-fish-plants.com\/es\/privacy-policy\/\" \/>\n<meta property=\"og:site_name\" content=\"Aquarium-Fish-Plants.com\" \/>\n<meta property=\"article:modified_time\" content=\"2022-04-02T14:11:41+00:00\" \/>\n<meta name=\"twitter:card\" content=\"summary_large_image\" \/>\n<meta name=\"twitter:label1\" content=\"Tiempo de lectura\" \/>\n\t<meta name=\"twitter:data1\" content=\"7 minutos\" \/>\n<script type=\"application\/ld+json\" class=\"yoast-schema-graph\">{\"@context\":\"https:\/\/schema.org\",\"@graph\":[{\"@type\":\"WebPage\",\"@id\":\"https:\/\/aquarium-fish-plants.com\/privacy-policy\",\"url\":\"https:\/\/aquarium-fish-plants.com\/privacy-policy\",\"name\":\"Privacy Policy - Aquarium-Fish-Plants.com\",\"isPartOf\":{\"@id\":\"https:\/\/aquarium-fish-plants.com\/#website\"},\"datePublished\":\"2017-11-27T19:57:40+00:00\",\"dateModified\":\"2022-04-02T14:11:41+00:00\",\"breadcrumb\":{\"@id\":\"https:\/\/aquarium-fish-plants.com\/privacy-policy#breadcrumb\"},\"inLanguage\":\"es\",\"potentialAction\":[{\"@type\":\"ReadAction\",\"target\":[\"https:\/\/aquarium-fish-plants.com\/privacy-policy\"]}]},{\"@type\":\"BreadcrumbList\",\"@id\":\"https:\/\/aquarium-fish-plants.com\/privacy-policy#breadcrumb\",\"itemListElement\":[{\"@type\":\"ListItem\",\"position\":1,\"name\":\"Startseite\",\"item\":\"https:\/\/aquarium-fish-plants.com\/\"},{\"@type\":\"ListItem\",\"position\":2,\"name\":\"Privacy Policy\"}]},{\"@type\":\"WebSite\",\"@id\":\"https:\/\/aquarium-fish-plants.com\/#website\",\"url\":\"https:\/\/aquarium-fish-plants.com\/\",\"name\":\"Aquarium-Fish-Plants.com\",\"description\":\"Your online fishkeeping guide!\",\"publisher\":{\"@id\":\"https:\/\/aquarium-fish-plants.com\/#organization\"},\"potentialAction\":[{\"@type\":\"SearchAction\",\"target\":{\"@type\":\"EntryPoint\",\"urlTemplate\":\"https:\/\/aquarium-fish-plants.com\/?s={search_term_string}\"},\"query-input\":{\"@type\":\"PropertyValueSpecification\",\"valueRequired\":true,\"valueName\":\"search_term_string\"}}],\"inLanguage\":\"es\"},{\"@type\":\"Organization\",\"@id\":\"https:\/\/aquarium-fish-plants.com\/#organization\",\"name\":\"Aquarium-Fish-Plants.com\",\"url\":\"https:\/\/aquarium-fish-plants.com\/\",\"logo\":{\"@type\":\"ImageObject\",\"inLanguage\":\"es\",\"@id\":\"https:\/\/aquarium-fish-plants.com\/#\/schema\/logo\/image\/\",\"url\":\"https:\/\/aquarium-fish-plants.com\/wp-content\/uploads\/2018\/05\/cropped-logo-aquarium-fish-plants-com.jpg\",\"contentUrl\":\"https:\/\/aquarium-fish-plants.com\/wp-content\/uploads\/2018\/05\/cropped-logo-aquarium-fish-plants-com.jpg\",\"width\":1000,\"height\":680,\"caption\":\"Aquarium-Fish-Plants.com\"},\"image\":{\"@id\":\"https:\/\/aquarium-fish-plants.com\/#\/schema\/logo\/image\/\"}}]}<\/script>\n<!-- \/ Yoast SEO plugin. -->","yoast_head_json":{"title":"Privacy Policy - Aquarium-Fish-Plants.com","robots":{"index":"index","follow":"follow","max-snippet":"max-snippet:-1","max-image-preview":"max-image-preview:large","max-video-preview":"max-video-preview:-1"},"canonical":"https:\/\/aquarium-fish-plants.com\/es\/privacy-policy\/","og_locale":"es_ES","og_type":"article","og_title":"Privacy Policy - Aquarium-Fish-Plants.com","og_description":"Privacy Policy Effective date: November 05, 2018 Aquarium: Fish and Plants (&#8220;us&#8221;, &#8220;we&#8221;, or &#8220;our&#8221;) operates the https:\/\/aquarium-fish-plants.com\/ website (the &#8220;Service&#8221;). This page informs you of our policies regarding the collection, use, and disclosure of personal data when you use","og_url":"https:\/\/aquarium-fish-plants.com\/es\/privacy-policy\/","og_site_name":"Aquarium-Fish-Plants.com","article_modified_time":"2022-04-02T14:11:41+00:00","twitter_card":"summary_large_image","twitter_misc":{"Tiempo de lectura":"7 minutos"},"schema":{"@context":"https:\/\/schema.org","@graph":[{"@type":"WebPage","@id":"https:\/\/aquarium-fish-plants.com\/privacy-policy","url":"https:\/\/aquarium-fish-plants.com\/privacy-policy","name":"Privacy Policy - Aquarium-Fish-Plants.com","isPartOf":{"@id":"https:\/\/aquarium-fish-plants.com\/#website"},"datePublished":"2017-11-27T19:57:40+00:00","dateModified":"2022-04-02T14:11:41+00:00","breadcrumb":{"@id":"https:\/\/aquarium-fish-plants.com\/privacy-policy#breadcrumb"},"inLanguage":"es","potentialAction":[{"@type":"ReadAction","target":["https:\/\/aquarium-fish-plants.com\/privacy-policy"]}]},{"@type":"BreadcrumbList","@id":"https:\/\/aquarium-fish-plants.com\/privacy-policy#breadcrumb","itemListElement":[{"@type":"ListItem","position":1,"name":"Startseite","item":"https:\/\/aquarium-fish-plants.com\/"},{"@type":"ListItem","position":2,"name":"Privacy Policy"}]},{"@type":"WebSite","@id":"https:\/\/aquarium-fish-plants.com\/#website","url":"https:\/\/aquarium-fish-plants.com\/","name":"Aquarium-Fish-Plants.com","description":"Your online fishkeeping guide!","publisher":{"@id":"https:\/\/aquarium-fish-plants.com\/#organization"},"potentialAction":[{"@type":"SearchAction","target":{"@type":"EntryPoint","urlTemplate":"https:\/\/aquarium-fish-plants.com\/?s={search_term_string}"},"query-input":{"@type":"PropertyValueSpecification","valueRequired":true,"valueName":"search_term_string"}}],"inLanguage":"es"},{"@type":"Organization","@id":"https:\/\/aquarium-fish-plants.com\/#organization","name":"Aquarium-Fish-Plants.com","url":"https:\/\/aquarium-fish-plants.com\/","logo":{"@type":"ImageObject","inLanguage":"es","@id":"https:\/\/aquarium-fish-plants.com\/#\/schema\/logo\/image\/","url":"https:\/\/aquarium-fish-plants.com\/wp-content\/uploads\/2018\/05\/cropped-logo-aquarium-fish-plants-com.jpg","contentUrl":"https:\/\/aquarium-fish-plants.com\/wp-content\/uploads\/2018\/05\/cropped-logo-aquarium-fish-plants-com.jpg","width":1000,"height":680,"caption":"Aquarium-Fish-Plants.com"},"image":{"@id":"https:\/\/aquarium-fish-plants.com\/#\/schema\/logo\/image\/"}}]}},"_links":{"self":[{"href":"https:\/\/aquarium-fish-plants.com\/es\/wp-json\/wp\/v2\/pages\/326","targetHints":{"allow":["GET"]}}],"collection":[{"href":"https:\/\/aquarium-fish-plants.com\/es\/wp-json\/wp\/v2\/pages"}],"about":[{"href":"https:\/\/aquarium-fish-plants.com\/es\/wp-json\/wp\/v2\/types\/page"}],"author":[{"embeddable":true,"href":"https:\/\/aquarium-fish-plants.com\/es\/wp-json\/wp\/v2\/users\/1"}],"replies":[{"embeddable":true,"href":"https:\/\/aquarium-fish-plants.com\/es\/wp-json\/wp\/v2\/comments?post=326"}],"version-history":[{"count":4,"href":"https:\/\/aquarium-fish-plants.com\/es\/wp-json\/wp\/v2\/pages\/326\/revisions"}],"predecessor-version":[{"id":1734,"href":"https:\/\/aquarium-fish-plants.com\/es\/wp-json\/wp\/v2\/pages\/326\/revisions\/1734"}],"wp:attachment":[{"href":"https:\/\/aquarium-fish-plants.com\/es\/wp-json\/wp\/v2\/media?parent=326"}],"curies":[{"name":"wp","href":"https:\/\/api.w.org\/{rel}","templated":true}]}}